{"id":1135,"date":"2024-09-18T09:18:48","date_gmt":"2024-09-18T09:18:48","guid":{"rendered":"https:\/\/www.zmkt.si\/slovenia-green\/"},"modified":"2025-03-07T09:12:40","modified_gmt":"2025-03-07T09:12:40","slug":"slovenia-green","status":"publish","type":"page","link":"https:\/\/www.zmkt.si\/it\/slovenia-green\/","title":{"rendered":"Slovenia Green"},"content":{"rendered":"<p>\u00a0<\/p>\n<p><a href=\"https:\/\/www.slovenia.info\/sl\/poslovne-strani\/zelena-shema-slovenskega-turizma\"><img loading=\"lazy\" decoding=\"async\" class=\"alignnone wp-image-561\" src=\"https:\/\/www.zmkt.si\/wp-content\/uploads\/2024\/09\/SLO_destination_gold_z-belo-podlago-300x171.png\" alt=\"\" width=\"214\" height=\"122\" \/><\/a><\/p>\n<p>\u00a0<\/p>\n<p>Capodistria vanta il certificato <strong>Slovenia Green Destination Gold<\/strong> assegnato dal prestigioso <strong><a href=\"https:\/\/www.slovenia.info\/sl\/poslovne-strani\/zelena-shema-slovenskega-turizma\">Schema verde del turismo sloveno<\/a><\/strong>. Questa certificazione conferma il nostro impegno verso lo <strong>sviluppo sostenibile<\/strong>, la gestione attenta delle risorse naturali e il coinvolgimento della comunit\u00e0 locale nelle pratiche sostenibili. Il certificato Slovenia Green classifica Capodistria tra le principali destinazioni green della Slovenia, grazie alla sua offerta turistica ecologica e rispettosa dell\u2019ambiente. Capodistria rappresenta cos\u00ec un modello da seguire nel campo del turismo sostenibile, come testimoniato dalle recensioni positive dei visitatori e dei partner.<\/p>\n<p>Ma non solo: Capodistria possiede inoltre il certificato di sostenibilit\u00e0 <strong><a href=\"https:\/\/www.zelenikljuc.si\/\">Green Key<\/a><\/strong>, rilasciato al <strong><a href=\"https:\/\/visitkoper.si\/znamenitosti\/historic-sights-pretorska-palaca\/\">Palazzo Pretorio<\/a><\/strong>. Green Key \u00e8 un marchio di certificazione ambientale riconosciuto in tutto il mondo e attribuito alle strutture che rispettano standard elevati nella <strong>gestione ambientale<\/strong> e nell\u2019<strong>uso sostenibile delle risorse<\/strong>. Monumento culturale chiave per la citt\u00e0, il Palazzo Pretorio rinnova il suo impegno verso le <strong>attivit\u00e0 rispettose dell\u2019ambiente<\/strong> e <strong>la gestione responsabile delle<\/strong> risorse naturali.<\/p>\n<p>Da diversi anni Capodistria ottiene la <strong><a href=\"https:\/\/www.modrazastava.si\/\">Bandiera blu<\/a><\/strong>, assegnata in Slovenia dalla <strong><a href=\"https:\/\/www.doves.si\/\">Associazione Doves<\/a><\/strong>. La Bandiera blu \u00e8 un marchio ambientale riconosciuto, assegnato ai porti turistici e alle spiagge che rispettano i requisiti richiesti in ambito di <strong>qualit\u00e0 delle acque<\/strong>, <strong>educazione ambientale<\/strong>, <strong>gestione ambientale<\/strong>, <strong>sicurezza <\/strong>e <strong>servizi<\/strong>. La Bandiera blu ha validit\u00e0 di un anno, durante cui questi standard elevati devono essere sempre rispettati. La Bandiera blu <strong>dimostra l\u2019elevatissimo rispetto per l\u2019ambiente di una destinazione turistica<\/strong>, offrendo ai comuni e al settore turistico un\u2019ulteriore opportunit\u00e0 per promuoversi. L\u2019Associazione turistica della Slovenia sostiene questo programma da molti anni, che consacra Capodistria come una destinazione dagli standard ambientali elevati.<\/p>\n<p>\u00a0<\/p>\n<p><strong>Documenti generali<\/strong><\/p>\n<ul>\n<li><a href=\"https:\/\/www.zmkt.si\/wp-content\/uploads\/2024\/10\/Zelena-zaveza-slovenskega-turizma-2021.pdf\">Zelena zaveza slovenskega turizma 2021<\/a><\/li>\n<li><a href=\"https:\/\/www.zmkt.si\/wp-content\/uploads\/2024\/09\/Sklep-o-imenovanju-zelenega-koordinatorja-in-Zelene-ekipe.pdf\">Sklep o imenovanju Zelenega koordinatorja in Zelene ekipe<\/a><\/li>\n<li><a href=\"https:\/\/www.zmkt.si\/wp-content\/uploads\/2024\/09\/ZAVEZA-2021.pdf\">Zaveza Mestne ob\u010dine Koper k trajnostnemu razvoju zmanj\u0161anja vplivov na okolje 2021<\/a><\/li>\n<li><a href=\"https:\/\/www.zmkt.si\/wp-content\/uploads\/2024\/09\/Pristopna-izjava-k-dogovoru-o-spodbujanju-zmanjsanja-uporabe-plasticnega-pribora-v-slo.-obcinah.pdf\">Pristopna izjava k dogovoru o spodbujanju zmanj\u0161anja uporabe plasti\u010dnega pribora v slovenskih ob\u010dinah<\/a><\/li>\n<li><a href=\"https:\/\/www.zmkt.si\/wp-content\/uploads\/2024\/09\/pristopna-izjava-konzorcij.pdf\">Pristopna izjava za vstop v Konzorcij Slovenia Green<\/a><\/li>\n<li><a href=\"https:\/\/www.zmkt.si\/wp-content\/uploads\/2024\/09\/Informacija-green-za-OS-24.pdf\">Informacija Ob\u010dinskemu svetu o poteku projekta Slovenia Green<\/a><\/li>\n<li><a href=\"https:\/\/www.zmkt.si\/wp-content\/uploads\/2024\/09\/Odlok-o-OPN-MOK-2022.pdf\">Odlok o Ob\u010dinskem prostorskem na\u010drtu MOK 2022<\/a><\/li>\n<li><a href=\"https:\/\/www.zmkt.si\/wp-content\/uploads\/2024\/09\/Akcisjki-nacrt-ukrepov-trajnostnega-turizma-2022-2025-ZV.pdf\">Akcijski na\u010drt ukrepov trajnostnega turizma 2022-2025<\/a><\/li>\n<li><a href=\"https:\/\/www.zmkt.si\/wp-content\/uploads\/2024\/09\/RRP_obalno-kraska_2021-2027_4.5.2022_odobren_11.5.2022.pdf\">Regionalni razvojni program Obalno-kra\u0161ke regije 2021-2027 (odobren 11. 5. 2022)<\/a><\/li>\n<li><a href=\"https:\/\/www.zmkt.si\/wp-content\/uploads\/2024\/09\/21-05-STRATEGIJA-TURIZMA-V-MESTNI-OBCINI-KOPER-2030-1.pdf\">Strategija turizma v Mestni ob\u010dini Koper do 2030-javna obravnava<\/a><\/li>\n<li><a href=\"https:\/\/www.zmkt.si\/wp-content\/uploads\/2024\/09\/Strategija-LAS-Zelena-Istra-2021-2027.pdf\">Strategija LAS Zelena Istra 2021 &#8211; 2027<\/a><\/li>\n<li><a href=\"https:\/\/www.zmkt.si\/wp-content\/uploads\/2024\/09\/Strategija-razvoja-in-trzenja-v-regiji-Osrednja-Slovenija-za-obdobje-2023-2027.pdf\">Strategija razvoja in tr\u017eenja v regiji Osrednja Slovenija za obdobje 2023-2027<\/a><\/li>\n<li><a href=\"https:\/\/www.zmkt.si\/wp-content\/uploads\/2024\/09\/Strategija-slovenskega-turizma-2022-2028-dokument.pdf\">Strategija slovenskega turizma 2022-2028<\/a><\/li>\n<li><a href=\"https:\/\/www.zmkt.si\/wp-content\/uploads\/2024\/09\/Strateski-nacrt-ZDRUZENJE-ZGODOVINSKIH-MEST-SLOVENIJE-2025.pdf\">Strate\u0161ki na\u010drt Zdru\u017eenja zgodovinskih mest Slovenije 2025<\/a><\/li>\n<li><a href=\"https:\/\/www.zmkt.si\/wp-content\/uploads\/2024\/09\/Krizni-nacrt-za-turizem-Koper.pdf\">Krizni na\u010drt za turizem-Koper<\/a><\/li>\n<li><a href=\"https:\/\/www.zmkt.si\/wp-content\/uploads\/2024\/10\/ETICNI-KODEKS-ZA-TURISTICNE-VODNIKE-2024.pdf\">Eti\u010dni kodeks za turisti\u010dne vodnike<\/a><\/li>\n<li><a href=\"https:\/\/www.zmkt.si\/wp-content\/uploads\/2024\/09\/Analiza-anketnih-vprasalnikov-obiskovalci-2024.odt\">Analiza anketnih vpra\u0161alnikov-obiskovalci 2024<\/a><\/li>\n<li><a href=\"https:\/\/www.zmkt.si\/wp-content\/uploads\/2024\/09\/November-ANALIZA-SPLETNE-ANKETE-Turizem-MOK-2030-dolga-verzija.pdf\">Analiza spletne ankete-Turizem MOK 2030 (november 2023)<\/a><\/li>\n<li><a href=\"https:\/\/www.zmkt.si\/wp-content\/uploads\/2024\/10\/Prejete-nagrade-MOK-2019-2024.pdf\">Prejete nagrade<\/a><\/li>\n<\/ul>\n<p><strong>Documenti di sostenibilit\u00e0<\/strong><\/p>\n<ul>\n<li><a href=\"https:\/\/www.zmkt.si\/wp-content\/uploads\/2024\/09\/05-Predstavitev-namena-in-ciljev-obcinske-celostne-prometne-strategije-sprejet.pdf\">Predstavitev namena in ciljev ob\u010dinske celostne prometne strategije<\/a><\/li>\n<li><a href=\"https:\/\/www.zmkt.si\/wp-content\/uploads\/2024\/10\/Obcinski-program-varstva-okolja_MOK_2021-2025.pdf\">Ob\u010dinski program varstva okolja_MOK_2021-2025<\/a><\/li>\n<li><a href=\"https:\/\/www.zmkt.si\/wp-content\/uploads\/2024\/09\/16-2-Sklep-o-podaljsanju-veljavnosti-LPK-v-MOK-do-leta-2030-sprejet.pdf\">Sklep o podalj\u0161anju veljavnosti Lokalnega programa kulture v MOK do leta-2030<\/a><\/li>\n<li><a href=\"https:\/\/www.zmkt.si\/wp-content\/uploads\/2024\/09\/katalog-Nepremicna-kulturna-dediscina-MOK.pdf\">Katalog Nepremi\u010dna kulturna dedi\u0161\u010dina MOK<\/a><\/li>\n<li><a href=\"https:\/\/www.zmkt.si\/wp-content\/uploads\/2024\/09\/KulturaPIKA_Istrska-kulturna-strategija_SLO.pdf\">Istrska kulturna strategija PIKA<\/a><\/li>\n<li><a href=\"https:\/\/www.zmkt.si\/wp-content\/uploads\/2024\/09\/LEK.pdf\">Lokalni energetski koncept Mestne ob\u010dine Koper (2022)<\/a><\/li>\n<li><a href=\"https:\/\/www.zmkt.si\/wp-content\/uploads\/2024\/09\/Narava.pdf\">Katalog Narava<\/a><\/li>\n<li><a href=\"https:\/\/www.zmkt.si\/wp-content\/uploads\/2024\/09\/OKOLJSKO-POROCILO.pdf\">Okoljsko poro\u010dilo 2021<\/a><\/li>\n<li><a href=\"https:\/\/www.zmkt.si\/wp-content\/uploads\/2024\/10\/TRAJNOSTNO-POROCILO-2024.pdf\">Trajnostno poro\u010dilo 2024<\/a><\/li>\n<li><a href=\"https:\/\/www.zmkt.si\/wp-content\/uploads\/2024\/10\/Poslovni-nacrt-MK-za-leto-2024.pdf\">Poslovni na\u010drt Marjetice Koper za leto 2024<\/a><\/li>\n<li><a href=\"https:\/\/www.zmkt.si\/wp-content\/uploads\/2024\/10\/SECAP_I.part_.pdf\">Akcijski na\u010drt za trajnostno energijo in podnebne spremembe \u2013 SECAP 1. del<\/a><\/li>\n<li><a href=\"https:\/\/www.zmkt.si\/wp-content\/uploads\/2024\/10\/SECAP_II.part_.pdf\">Akcijski na\u010drt za trajnostno energijo in podnebne spremembe \u2013 SECAP 2. del<\/a><\/li>\n<li><a href=\"https:\/\/www.zmkt.si\/wp-content\/uploads\/2024\/10\/SECAP_III.part_.pdf\">Akcijski na\u010drt za trajnostno energijo in podnebne spremembe \u2013 SECAP 3. del<\/a><\/li>\n<\/ul>\n<p>\u00a0<\/p>\n<div style=\"width: 640px;\" class=\"wp-video\"><video class=\"wp-video-shortcode\" id=\"video-1135-1\" width=\"640\" height=\"480\" preload=\"metadata\" controls=\"controls\"><source type=\"video\/mp4\" src=\"https:\/\/www.zmkt.si\/wp-content\/uploads\/2024\/10\/Odgovorna-raba-energije-in-zmanjsanje-izpustov-co2.mp4?_=1\" \/><a href=\"https:\/\/www.zmkt.si\/wp-content\/uploads\/2024\/10\/Odgovorna-raba-energije-in-zmanjsanje-izpustov-co2.mp4\">https:\/\/www.zmkt.si\/wp-content\/uploads\/2024\/10\/Odgovorna-raba-energije-in-zmanjsanje-izpustov-co2.mp4<\/a><\/video><\/div>\n<p>\u00a0<\/p>\n<p><a href=\"https:\/\/www.zelenikljuc.si\/\"><img loading=\"lazy\" decoding=\"async\" class=\"aligncenter wp-image-647\" src=\"https:\/\/www.zmkt.si\/wp-content\/uploads\/2024\/10\/greenkey_logo-238x300.png\" alt=\"\" width=\"101\" height=\"127\" srcset=\"https:\/\/www.zmkt.si\/wp-content\/uploads\/2024\/10\/greenkey_logo-238x300.png 238w, https:\/\/www.zmkt.si\/wp-content\/uploads\/2024\/10\/greenkey_logo.png 265w\" sizes=\"auto, (max-width: 101px) 100vw, 101px\" \/><\/a><\/p>\n<p><a href=\"https:\/\/www.modrazastava.si\/\"><img loading=\"lazy\" decoding=\"async\" class=\"aligncenter wp-image-649\" src=\"https:\/\/www.zmkt.si\/wp-content\/uploads\/2024\/10\/modra-zastava-300x217.jpg\" alt=\"\" width=\"128\" height=\"93\" srcset=\"https:\/\/www.zmkt.si\/wp-content\/uploads\/2024\/10\/modra-zastava-300x217.jpg 300w, https:\/\/www.zmkt.si\/wp-content\/uploads\/2024\/10\/modra-zastava-1024x739.jpg 1024w, https:\/\/www.zmkt.si\/wp-content\/uploads\/2024\/10\/modra-zastava-768x554.jpg 768w, https:\/\/www.zmkt.si\/wp-content\/uploads\/2024\/10\/modra-zastava-1536x1109.jpg 1536w, https:\/\/www.zmkt.si\/wp-content\/uploads\/2024\/10\/modra-zastava.jpg 2048w\" sizes=\"auto, (max-width: 128px) 100vw, 128px\" \/><\/a><\/p>\n","protected":false},"excerpt":{"rendered":"<p>\u00a0 \u00a0 Capodistria vanta il certificato Slovenia Green Destination Gold assegnato dal prestigioso Schema verde del turismo sloveno. Questa certificazione conferma il nostro impegno verso lo sviluppo sostenibile, la gestione attenta delle risorse naturali e il coinvolgimento della comunit\u00e0 locale nelle pratiche sostenibili. Il certificato Slovenia Green classifica Capodistria tra le principali destinazioni green della [&hellip;]<\/p>\n","protected":false},"author":1,"featured_media":0,"parent":0,"menu_order":0,"comment_status":"closed","ping_status":"closed","template":"","meta":{"footnotes":""},"class_list":["post-1135","page","type-page","status-publish","hentry"],"acf":[],"yoast_head":"<!-- This site is optimized with the Yoast SEO plugin v27.3 - https:\/\/yoast.com\/product\/yoast-seo-wordpress\/ -->\n<title>Slovenia Green - Zavod za mladino, kulturo in turizem Koper<\/title>\n<meta name=\"robots\" content=\"index, follow, max-snippet:-1, max-image-preview:large, max-video-preview:-1\" \/>\n<link rel=\"canonical\" href=\"https:\/\/www.zmkt.si\/it\/slovenia-green\/\" \/>\n<meta property=\"og:locale\" content=\"it_IT\" \/>\n<meta property=\"og:type\" content=\"article\" \/>\n<meta property=\"og:title\" content=\"Slovenia Green - Zavod za mladino, kulturo in turizem Koper\" \/>\n<meta property=\"og:description\" content=\"\u00a0 \u00a0 Capodistria vanta il certificato Slovenia Green Destination Gold assegnato dal prestigioso Schema verde del turismo sloveno. Questa certificazione conferma il nostro impegno verso lo sviluppo sostenibile, la gestione attenta delle risorse naturali e il coinvolgimento della comunit\u00e0 locale nelle pratiche sostenibili. Il certificato Slovenia Green classifica Capodistria tra le principali destinazioni green della [&hellip;]\" \/>\n<meta property=\"og:url\" content=\"https:\/\/www.zmkt.si\/it\/slovenia-green\/\" \/>\n<meta property=\"og:site_name\" content=\"Zavod za mladino, kulturo in turizem Koper\" \/>\n<meta property=\"article:modified_time\" content=\"2025-03-07T09:12:40+00:00\" \/>\n<meta property=\"og:image\" content=\"https:\/\/www.zmkt.si\/wp-content\/uploads\/2024\/09\/SLO_destination_gold_z-belo-podlago-e1726651193919.png\" \/>\n\t<meta property=\"og:image:width\" content=\"200\" \/>\n\t<meta property=\"og:image:height\" content=\"114\" \/>\n\t<meta property=\"og:image:type\" content=\"image\/png\" \/>\n<meta name=\"twitter:card\" content=\"summary_large_image\" \/>\n<meta name=\"twitter:label1\" content=\"Tempo di lettura stimato\" \/>\n\t<meta name=\"twitter:data1\" content=\"3 minuti\" \/>\n<script type=\"application\/ld+json\" class=\"yoast-schema-graph\">{\"@context\":\"https:\\\/\\\/schema.org\",\"@graph\":[{\"@type\":\"WebPage\",\"@id\":\"https:\\\/\\\/www.zmkt.si\\\/it\\\/slovenia-green\\\/\",\"url\":\"https:\\\/\\\/www.zmkt.si\\\/it\\\/slovenia-green\\\/\",\"name\":\"Slovenia Green - Zavod za mladino, kulturo in turizem Koper\",\"isPartOf\":{\"@id\":\"https:\\\/\\\/www.zmkt.si\\\/it\\\/#website\"},\"primaryImageOfPage\":{\"@id\":\"https:\\\/\\\/www.zmkt.si\\\/it\\\/slovenia-green\\\/#primaryimage\"},\"image\":{\"@id\":\"https:\\\/\\\/www.zmkt.si\\\/it\\\/slovenia-green\\\/#primaryimage\"},\"thumbnailUrl\":\"https:\\\/\\\/www.zmkt.si\\\/wp-content\\\/uploads\\\/2024\\\/09\\\/SLO_destination_gold_z-belo-podlago-300x171.png\",\"datePublished\":\"2024-09-18T09:18:48+00:00\",\"dateModified\":\"2025-03-07T09:12:40+00:00\",\"breadcrumb\":{\"@id\":\"https:\\\/\\\/www.zmkt.si\\\/it\\\/slovenia-green\\\/#breadcrumb\"},\"inLanguage\":\"it-IT\",\"potentialAction\":[{\"@type\":\"ReadAction\",\"target\":[\"https:\\\/\\\/www.zmkt.si\\\/it\\\/slovenia-green\\\/\"]}]},{\"@type\":\"ImageObject\",\"inLanguage\":\"it-IT\",\"@id\":\"https:\\\/\\\/www.zmkt.si\\\/it\\\/slovenia-green\\\/#primaryimage\",\"url\":\"https:\\\/\\\/www.zmkt.si\\\/wp-content\\\/uploads\\\/2024\\\/09\\\/SLO_destination_gold_z-belo-podlago-300x171.png\",\"contentUrl\":\"https:\\\/\\\/www.zmkt.si\\\/wp-content\\\/uploads\\\/2024\\\/09\\\/SLO_destination_gold_z-belo-podlago-300x171.png\"},{\"@type\":\"BreadcrumbList\",\"@id\":\"https:\\\/\\\/www.zmkt.si\\\/it\\\/slovenia-green\\\/#breadcrumb\",\"itemListElement\":[{\"@type\":\"ListItem\",\"position\":1,\"name\":\"Home\",\"item\":\"https:\\\/\\\/www.zmkt.si\\\/it\\\/\"},{\"@type\":\"ListItem\",\"position\":2,\"name\":\"Slovenia Green\"}]},{\"@type\":\"WebSite\",\"@id\":\"https:\\\/\\\/www.zmkt.si\\\/it\\\/#website\",\"url\":\"https:\\\/\\\/www.zmkt.si\\\/it\\\/\",\"name\":\"Zavod za mladino, kulturo in turizem Koper\",\"description\":\"Dobrodo&scaron;li!\",\"potentialAction\":[{\"@type\":\"SearchAction\",\"target\":{\"@type\":\"EntryPoint\",\"urlTemplate\":\"https:\\\/\\\/www.zmkt.si\\\/it\\\/?s={search_term_string}\"},\"query-input\":{\"@type\":\"PropertyValueSpecification\",\"valueRequired\":true,\"valueName\":\"search_term_string\"}}],\"inLanguage\":\"it-IT\"}]}<\/script>\n<!-- \/ Yoast SEO plugin. -->","yoast_head_json":{"title":"Slovenia Green - Zavod za mladino, kulturo in turizem Koper","robots":{"index":"index","follow":"follow","max-snippet":"max-snippet:-1","max-image-preview":"max-image-preview:large","max-video-preview":"max-video-preview:-1"},"canonical":"https:\/\/www.zmkt.si\/it\/slovenia-green\/","og_locale":"it_IT","og_type":"article","og_title":"Slovenia Green - Zavod za mladino, kulturo in turizem Koper","og_description":"\u00a0 \u00a0 Capodistria vanta il certificato Slovenia Green Destination Gold assegnato dal prestigioso Schema verde del turismo sloveno. Questa certificazione conferma il nostro impegno verso lo sviluppo sostenibile, la gestione attenta delle risorse naturali e il coinvolgimento della comunit\u00e0 locale nelle pratiche sostenibili. Il certificato Slovenia Green classifica Capodistria tra le principali destinazioni green della [&hellip;]","og_url":"https:\/\/www.zmkt.si\/it\/slovenia-green\/","og_site_name":"Zavod za mladino, kulturo in turizem Koper","article_modified_time":"2025-03-07T09:12:40+00:00","og_image":[{"width":200,"height":114,"url":"https:\/\/www.zmkt.si\/wp-content\/uploads\/2024\/09\/SLO_destination_gold_z-belo-podlago-e1726651193919.png","type":"image\/png"}],"twitter_card":"summary_large_image","twitter_misc":{"Tempo di lettura stimato":"3 minuti"},"schema":{"@context":"https:\/\/schema.org","@graph":[{"@type":"WebPage","@id":"https:\/\/www.zmkt.si\/it\/slovenia-green\/","url":"https:\/\/www.zmkt.si\/it\/slovenia-green\/","name":"Slovenia Green - Zavod za mladino, kulturo in turizem Koper","isPartOf":{"@id":"https:\/\/www.zmkt.si\/it\/#website"},"primaryImageOfPage":{"@id":"https:\/\/www.zmkt.si\/it\/slovenia-green\/#primaryimage"},"image":{"@id":"https:\/\/www.zmkt.si\/it\/slovenia-green\/#primaryimage"},"thumbnailUrl":"https:\/\/www.zmkt.si\/wp-content\/uploads\/2024\/09\/SLO_destination_gold_z-belo-podlago-300x171.png","datePublished":"2024-09-18T09:18:48+00:00","dateModified":"2025-03-07T09:12:40+00:00","breadcrumb":{"@id":"https:\/\/www.zmkt.si\/it\/slovenia-green\/#breadcrumb"},"inLanguage":"it-IT","potentialAction":[{"@type":"ReadAction","target":["https:\/\/www.zmkt.si\/it\/slovenia-green\/"]}]},{"@type":"ImageObject","inLanguage":"it-IT","@id":"https:\/\/www.zmkt.si\/it\/slovenia-green\/#primaryimage","url":"https:\/\/www.zmkt.si\/wp-content\/uploads\/2024\/09\/SLO_destination_gold_z-belo-podlago-300x171.png","contentUrl":"https:\/\/www.zmkt.si\/wp-content\/uploads\/2024\/09\/SLO_destination_gold_z-belo-podlago-300x171.png"},{"@type":"BreadcrumbList","@id":"https:\/\/www.zmkt.si\/it\/slovenia-green\/#breadcrumb","itemListElement":[{"@type":"ListItem","position":1,"name":"Home","item":"https:\/\/www.zmkt.si\/it\/"},{"@type":"ListItem","position":2,"name":"Slovenia Green"}]},{"@type":"WebSite","@id":"https:\/\/www.zmkt.si\/it\/#website","url":"https:\/\/www.zmkt.si\/it\/","name":"Zavod za mladino, kulturo in turizem Koper","description":"Dobrodo&scaron;li!","potentialAction":[{"@type":"SearchAction","target":{"@type":"EntryPoint","urlTemplate":"https:\/\/www.zmkt.si\/it\/?s={search_term_string}"},"query-input":{"@type":"PropertyValueSpecification","valueRequired":true,"valueName":"search_term_string"}}],"inLanguage":"it-IT"}]}},"_links":{"self":[{"href":"https:\/\/www.zmkt.si\/it\/wp-json\/wp\/v2\/pages\/1135","targetHints":{"allow":["GET"]}}],"collection":[{"href":"https:\/\/www.zmkt.si\/it\/wp-json\/wp\/v2\/pages"}],"about":[{"href":"https:\/\/www.zmkt.si\/it\/wp-json\/wp\/v2\/types\/page"}],"author":[{"embeddable":true,"href":"https:\/\/www.zmkt.si\/it\/wp-json\/wp\/v2\/users\/1"}],"replies":[{"embeddable":true,"href":"https:\/\/www.zmkt.si\/it\/wp-json\/wp\/v2\/comments?post=1135"}],"version-history":[{"count":1,"href":"https:\/\/www.zmkt.si\/it\/wp-json\/wp\/v2\/pages\/1135\/revisions"}],"predecessor-version":[{"id":1136,"href":"https:\/\/www.zmkt.si\/it\/wp-json\/wp\/v2\/pages\/1135\/revisions\/1136"}],"wp:attachment":[{"href":"https:\/\/www.zmkt.si\/it\/wp-json\/wp\/v2\/media?parent=1135"}],"curies":[{"name":"wp","href":"https:\/\/api.w.org\/{rel}","templated":true}]}}