{"id":1149,"date":"2023-03-15T05:04:44","date_gmt":"2023-03-15T05:04:44","guid":{"rendered":"https:\/\/www.zmkt.si\/palazzo-pretorio\/"},"modified":"2025-11-25T14:36:51","modified_gmt":"2025-11-25T14:36:51","slug":"palazzo-pretorio","status":"publish","type":"page","link":"https:\/\/www.zmkt.si\/it\/palazzo-pretorio\/","title":{"rendered":"Palazzo Pretorio"},"content":{"rendered":"<div class=\"wpb-content-wrapper\"><p>[vc_row full_width=&#8221;stretch_row&#8221; el_class=&#8221;page-title&#8221; css=&#8221;.vc_custom_1722847582686{background-image: url(https:\/\/www.zmkt.si\/wp-content\/uploads\/2024\/08\/3Y0A0545v3-brez-statistov.jpg?id=445) !important;}&#8221;][vc_column][vc_column_text]<\/p>\n<h1 style=\"text-align: center;\">Palazzo Pretorio<\/h1>\n<p>[\/vc_column_text][\/vc_column][\/vc_row][vc_row][vc_column][vc_column_text el_class=&#8221;objekt&#8221;]<\/p>\n<h5>Il Palazzo Pretorio, nella piazza centrale della citt\u00e0, \u00e8 uno dei palazzi pi\u00f9 famosi di Capodistria e dei suoi dintorni.<\/h5>\n<p>In passato era la sede del podest\u00e0, dei capitani, del Gran Consiglio e di altre cariche cittadine.<\/p>\n<p>\u00c8 stato costruito sul sito di due case pi\u00f9 antiche, risalenti alla met\u00e0 del XIII secolo, che in passato erano collegate da una loggia. L&#8217;edificio \u00e8 stato pi\u00f9 volte restaurato e ha assunto l&#8217;aspetto attuale nella seconda met\u00e0 del XV secolo. L&#8217;edificio \u00e8 dominato dagli stili tardo gotico-rinascimentale e gotico veneziano, ma la sua forma definitiva \u00e8 stata data nel periodo barocco.<\/p>\n<p>Oltre alle riunioni del consiglio comunale e ai ricevimenti protocollari, ospita un&#8217;ampia gamma di dibattiti, incontri, tavole rotonde, workshop e conferenze e varie mostre al piano terra. La Sala Matrimoni del Palazzo Pretorio \u00e8 la sede ufficiale dei matrimoni nell&#8217;Unit\u00e0 amministrativa di Capodistria.<\/p>\n<h4>Informazioni generali<\/h4>\n<div class=\"table-responsive\">\n<table class=\"table\">\n<tbody>\n<tr>\n<th><strong>Tipi di eventi e attivit\u00e0<\/strong><\/th>\n<td>Conferenze, tavole rotonde, eventi letterari, incontri, eventi protocollari, mostre, conferenze, cerimonie nuziali<\/td>\n<\/tr>\n<tr>\n<th><strong>Numero massimo di visitatori<\/strong><\/th>\n<td>Antica farmacia (fino a 40 persone), Sala matrimoni (fino a 70 persone), Sala conferenze (fino a 80 persone)<\/td>\n<\/tr>\n<tr>\n<th><strong>Scadenza per la presentazione della domanda<\/strong><\/th>\n<td>Almeno 30 giorni prima dell&#8217;evento<\/td>\n<\/tr>\n<tr>\n<th><strong>Domanda<\/strong><\/th>\n<td><a href=\"https:\/\/www.zmkt.si\/wp-content\/uploads\/2025\/11\/Vloga-za-uporabo-Pretorske-palace-2020-ITA.doc\">Domanda di utilizzo del Palazzo Pretorio<\/a><\/td>\n<\/tr>\n<tr>\n<th><strong>Listino prezzi<\/strong><\/th>\n<td><a href=\"https:\/\/www.zmkt.si\/wp-content\/uploads\/2024\/08\/Cenik-Protokolarni-objekt-Pretorska-palaca-Koper.pdf\" target=\"_blank\" rel=\"noopener noreferrer\">Listino prezzi &#8211; Palazzo Pretorio<\/a><\/td>\n<\/tr>\n<tr>\n<th><strong>Ulteriori informazioni<\/strong><\/th>\n<td>E:\u00a0<a href=\"mailto:izabella.levpold@visitkoper.si\">izabella.levpold@visitkoper.si<\/a><br \/>\nT:\u00a0<a href=\"tel:+386 31 665 118\">+386 31 665 118<\/a><\/td>\n<\/tr>\n<\/tbody>\n<\/table>\n<\/div>\n<h4>Attrezzature<\/h4>\n<p><strong>Antica farmacia:<br \/>\n<\/strong><\/p>\n<div class=\"table-responsive\">\n<table class=\"table\">\n<tbody>\n<tr>\n<th><strong>Attrezzature audio e video<\/strong><\/th>\n<td>Non \u00e8 necessario un impianto audio, data l&#8217;acustica della sala e il numero di persone che la sala pu\u00f2 ospitare<\/td>\n<\/tr>\n<tr>\n<th><strong>Illuminazione del palco<\/strong><\/th>\n<td>SI<\/td>\n<\/tr>\n<tr>\n<th><strong>Schermo di proiezione<\/strong><\/th>\n<td>Possibilit\u00e0 di installazione di uno schermo di proiezione<\/td>\n<\/tr>\n<tr>\n<th><strong>LCD &#8211; proiettore<\/strong><\/th>\n<td>SI<\/td>\n<\/tr>\n<tr>\n<th><strong>TV LCD<\/strong><\/th>\n<td>SI<\/td>\n<\/tr>\n<tr>\n<th><strong>Wi-fi<\/strong><\/th>\n<td>SI<\/td>\n<\/tr>\n<\/tbody>\n<\/table>\n<\/div>\n<p><strong>Sala matrimoni:<\/strong><\/p>\n<div class=\"table-responsive\">\n<table class=\"table\">\n<tbody>\n<tr>\n<th><strong>Attrezzature audio e video<\/strong><\/th>\n<td>Possibilit\u00e0 di allestire un impianto audio<\/td>\n<\/tr>\n<tr>\n<th><strong>Illuminazione del palco<\/strong><\/th>\n<td>SI<\/td>\n<\/tr>\n<tr>\n<th><strong>Schermo di proiezione<\/strong><\/th>\n<td>Possibilit\u00e0 di installazione di uno schermo di proiezione<\/td>\n<\/tr>\n<tr>\n<th><strong>LCD &#8211; proiettore<\/strong><\/th>\n<td>SI<\/td>\n<\/tr>\n<tr>\n<th><strong>TV LCD<\/strong><\/th>\n<td>SI<\/td>\n<\/tr>\n<tr>\n<th><strong>Wi-fi<\/strong><\/th>\n<td>SI<\/td>\n<\/tr>\n<tr>\n<th><strong>Aggiuntivo<\/strong><\/th>\n<td>\u00c8 possibile organizzare un rinfresco o un buffet caldo e freddo.<\/td>\n<\/tr>\n<\/tbody>\n<\/table>\n<\/div>\n<p><em>La sala matrimoni dispone anche di una piccola area di servizio per i rinfreschi con servizi igienici.<\/em><\/p>\n<p><strong>Sala conferenze:<\/strong><\/p>\n<div class=\"table-responsive\">\n<table class=\"table\">\n<tbody>\n<tr>\n<th><strong>Attrezzature audio e video<\/strong><\/th>\n<td>Impianto audio di base con possibilit\u00e0 di aggiungere un impianto audio supplementare<\/td>\n<\/tr>\n<tr>\n<th><strong>Illuminazione del palco<\/strong><\/th>\n<td>SI<\/td>\n<\/tr>\n<tr>\n<th><strong>Schermo di proiezione<\/strong><\/th>\n<td>SI<\/td>\n<\/tr>\n<tr>\n<th><strong>LCD &#8211; proiettore<\/strong><\/th>\n<td>SI<\/td>\n<\/tr>\n<tr>\n<th><strong>Wi-fi<\/strong><\/th>\n<td>SI (+ connessione LAN e WLAN a Internet)<\/td>\n<\/tr>\n<tr>\n<th><strong>Leggio per oratore<\/strong><\/th>\n<td>Leggio per relatori con microfono<\/td>\n<\/tr>\n<tr>\n<th><strong>Sedie da conferenza<\/strong><\/th>\n<td>Scrivania presidenziale con microfono<\/td>\n<\/tr>\n<\/tbody>\n<\/table>\n<\/div>\n<p><img loading=\"lazy\" decoding=\"async\" class=\"aligncenter size-full wp-image-451\" src=\"https:\/\/www.zmkt.si\/wp-content\/uploads\/2024\/08\/127634_MOK_Koper_mesto_prizorisca_Foto_Jaka_Ivancic.jpg\" alt=\"\" width=\"2500\" height=\"1668\" srcset=\"https:\/\/www.zmkt.si\/wp-content\/uploads\/2024\/08\/127634_MOK_Koper_mesto_prizorisca_Foto_Jaka_Ivancic.jpg 2500w, https:\/\/www.zmkt.si\/wp-content\/uploads\/2024\/08\/127634_MOK_Koper_mesto_prizorisca_Foto_Jaka_Ivancic-300x200.jpg 300w, https:\/\/www.zmkt.si\/wp-content\/uploads\/2024\/08\/127634_MOK_Koper_mesto_prizorisca_Foto_Jaka_Ivancic-1024x683.jpg 1024w, https:\/\/www.zmkt.si\/wp-content\/uploads\/2024\/08\/127634_MOK_Koper_mesto_prizorisca_Foto_Jaka_Ivancic-768x512.jpg 768w, https:\/\/www.zmkt.si\/wp-content\/uploads\/2024\/08\/127634_MOK_Koper_mesto_prizorisca_Foto_Jaka_Ivancic-1536x1025.jpg 1536w, https:\/\/www.zmkt.si\/wp-content\/uploads\/2024\/08\/127634_MOK_Koper_mesto_prizorisca_Foto_Jaka_Ivancic-2048x1366.jpg 2048w\" sizes=\"auto, (max-width: 2500px) 100vw, 2500px\" \/><\/p>\n<p><img loading=\"lazy\" decoding=\"async\" class=\"aligncenter size-full wp-image-450\" src=\"https:\/\/www.zmkt.si\/wp-content\/uploads\/2024\/08\/127598_MOK_Koper_mesto_prizorisca_Foto_Jaka_Ivancic.jpg\" alt=\"\" width=\"2500\" height=\"1667\" srcset=\"https:\/\/www.zmkt.si\/wp-content\/uploads\/2024\/08\/127598_MOK_Koper_mesto_prizorisca_Foto_Jaka_Ivancic.jpg 2500w, https:\/\/www.zmkt.si\/wp-content\/uploads\/2024\/08\/127598_MOK_Koper_mesto_prizorisca_Foto_Jaka_Ivancic-300x200.jpg 300w, https:\/\/www.zmkt.si\/wp-content\/uploads\/2024\/08\/127598_MOK_Koper_mesto_prizorisca_Foto_Jaka_Ivancic-1024x683.jpg 1024w, https:\/\/www.zmkt.si\/wp-content\/uploads\/2024\/08\/127598_MOK_Koper_mesto_prizorisca_Foto_Jaka_Ivancic-768x512.jpg 768w, https:\/\/www.zmkt.si\/wp-content\/uploads\/2024\/08\/127598_MOK_Koper_mesto_prizorisca_Foto_Jaka_Ivancic-1536x1024.jpg 1536w, https:\/\/www.zmkt.si\/wp-content\/uploads\/2024\/08\/127598_MOK_Koper_mesto_prizorisca_Foto_Jaka_Ivancic-2048x1366.jpg 2048w\" sizes=\"auto, (max-width: 2500px) 100vw, 2500px\" \/><\/p>\n<p><img loading=\"lazy\" decoding=\"async\" class=\"aligncenter size-full wp-image-449\" src=\"https:\/\/www.zmkt.si\/wp-content\/uploads\/2024\/08\/127595_MOK_Koper_mesto_prizorisca_Foto_Jaka_Ivancic.jpg\" alt=\"\" width=\"2500\" height=\"1667\" srcset=\"https:\/\/www.zmkt.si\/wp-content\/uploads\/2024\/08\/127595_MOK_Koper_mesto_prizorisca_Foto_Jaka_Ivancic.jpg 2500w, https:\/\/www.zmkt.si\/wp-content\/uploads\/2024\/08\/127595_MOK_Koper_mesto_prizorisca_Foto_Jaka_Ivancic-300x200.jpg 300w, https:\/\/www.zmkt.si\/wp-content\/uploads\/2024\/08\/127595_MOK_Koper_mesto_prizorisca_Foto_Jaka_Ivancic-1024x683.jpg 1024w, https:\/\/www.zmkt.si\/wp-content\/uploads\/2024\/08\/127595_MOK_Koper_mesto_prizorisca_Foto_Jaka_Ivancic-768x512.jpg 768w, https:\/\/www.zmkt.si\/wp-content\/uploads\/2024\/08\/127595_MOK_Koper_mesto_prizorisca_Foto_Jaka_Ivancic-1536x1024.jpg 1536w, https:\/\/www.zmkt.si\/wp-content\/uploads\/2024\/08\/127595_MOK_Koper_mesto_prizorisca_Foto_Jaka_Ivancic-2048x1366.jpg 2048w\" sizes=\"auto, (max-width: 2500px) 100vw, 2500px\" \/><\/p>\n<p><img loading=\"lazy\" decoding=\"async\" class=\"aligncenter size-full wp-image-448\" src=\"https:\/\/www.zmkt.si\/wp-content\/uploads\/2024\/08\/127588_MOK_Koper_mesto_prizorisca_Foto_Jaka_Ivancic.jpg\" alt=\"\" width=\"2500\" height=\"1667\" srcset=\"https:\/\/www.zmkt.si\/wp-content\/uploads\/2024\/08\/127588_MOK_Koper_mesto_prizorisca_Foto_Jaka_Ivancic.jpg 2500w, https:\/\/www.zmkt.si\/wp-content\/uploads\/2024\/08\/127588_MOK_Koper_mesto_prizorisca_Foto_Jaka_Ivancic-300x200.jpg 300w, https:\/\/www.zmkt.si\/wp-content\/uploads\/2024\/08\/127588_MOK_Koper_mesto_prizorisca_Foto_Jaka_Ivancic-1024x683.jpg 1024w, https:\/\/www.zmkt.si\/wp-content\/uploads\/2024\/08\/127588_MOK_Koper_mesto_prizorisca_Foto_Jaka_Ivancic-768x512.jpg 768w, https:\/\/www.zmkt.si\/wp-content\/uploads\/2024\/08\/127588_MOK_Koper_mesto_prizorisca_Foto_Jaka_Ivancic-1536x1024.jpg 1536w, https:\/\/www.zmkt.si\/wp-content\/uploads\/2024\/08\/127588_MOK_Koper_mesto_prizorisca_Foto_Jaka_Ivancic-2048x1366.jpg 2048w\" sizes=\"auto, (max-width: 2500px) 100vw, 2500px\" \/>[\/vc_column_text][\/vc_column][\/vc_row]<\/p>\n<\/div>","protected":false},"excerpt":{"rendered":"<p>[vc_row full_width=&#8221;stretch_row&#8221; el_class=&#8221;page-title&#8221; css=&#8221;.vc_custom_1722847582686{background-image: url(https:\/\/www.zmkt.si\/wp-content\/uploads\/2024\/08\/3Y0A0545v3-brez-statistov.jpg?id=445) !important;}&#8221;][vc_column][vc_column_text] Palazzo Pretorio [\/vc_column_text][\/vc_column][\/vc_row][vc_row][vc_column][vc_column_text el_class=&#8221;objekt&#8221;] Il Palazzo Pretorio, nella piazza centrale della citt\u00e0, \u00e8 uno dei palazzi pi\u00f9 famosi di Capodistria e dei suoi dintorni. In passato era la sede del podest\u00e0, dei capitani, del Gran Consiglio e di altre cariche cittadine. \u00c8 stato costruito sul sito di due case [&hellip;]<\/p>\n","protected":false},"author":1,"featured_media":0,"parent":0,"menu_order":0,"comment_status":"closed","ping_status":"closed","template":"","meta":{"footnotes":""},"class_list":["post-1149","page","type-page","status-publish","hentry"],"acf":[],"yoast_head":"<!-- This site is optimized with the Yoast SEO plugin v27.3 - https:\/\/yoast.com\/product\/yoast-seo-wordpress\/ -->\n<title>Palazzo Pretorio - Zavod za mladino, kulturo in turizem Koper<\/title>\n<meta name=\"robots\" content=\"index, follow, max-snippet:-1, max-image-preview:large, max-video-preview:-1\" \/>\n<link rel=\"canonical\" href=\"https:\/\/www.zmkt.si\/it\/palazzo-pretorio\/\" \/>\n<meta property=\"og:locale\" content=\"it_IT\" \/>\n<meta property=\"og:type\" content=\"article\" \/>\n<meta property=\"og:title\" content=\"Palazzo Pretorio - Zavod za mladino, kulturo in turizem Koper\" \/>\n<meta property=\"og:description\" content=\"[vc_row full_width=&#8221;stretch_row&#8221; el_class=&#8221;page-title&#8221; css=&#8221;.vc_custom_1722847582686{background-image: url(https:\/\/www.zmkt.si\/wp-content\/uploads\/2024\/08\/3Y0A0545v3-brez-statistov.jpg?id=445) !important;}&#8221;][vc_column][vc_column_text] Palazzo Pretorio [\/vc_column_text][\/vc_column][\/vc_row][vc_row][vc_column][vc_column_text el_class=&#8221;objekt&#8221;] Il Palazzo Pretorio, nella piazza centrale della citt\u00e0, \u00e8 uno dei palazzi pi\u00f9 famosi di Capodistria e dei suoi dintorni. In passato era la sede del podest\u00e0, dei capitani, del Gran Consiglio e di altre cariche cittadine. \u00c8 stato costruito sul sito di due case [&hellip;]\" \/>\n<meta property=\"og:url\" content=\"https:\/\/www.zmkt.si\/it\/palazzo-pretorio\/\" \/>\n<meta property=\"og:site_name\" content=\"Zavod za mladino, kulturo in turizem Koper\" \/>\n<meta property=\"article:modified_time\" content=\"2025-11-25T14:36:51+00:00\" \/>\n<meta property=\"og:image\" content=\"https:\/\/www.zmkt.si\/wp-content\/uploads\/2024\/08\/127634_MOK_Koper_mesto_prizorisca_Foto_Jaka_Ivancic.jpg\" \/>\n\t<meta property=\"og:image:width\" content=\"2500\" \/>\n\t<meta property=\"og:image:height\" content=\"1668\" \/>\n\t<meta property=\"og:image:type\" content=\"image\/jpeg\" \/>\n<meta name=\"twitter:card\" content=\"summary_large_image\" \/>\n<meta name=\"twitter:label1\" content=\"Tempo di lettura stimato\" \/>\n\t<meta name=\"twitter:data1\" content=\"3 minuti\" \/>\n<script type=\"application\/ld+json\" class=\"yoast-schema-graph\">{\"@context\":\"https:\\\/\\\/schema.org\",\"@graph\":[{\"@type\":\"WebPage\",\"@id\":\"https:\\\/\\\/www.zmkt.si\\\/it\\\/palazzo-pretorio\\\/\",\"url\":\"https:\\\/\\\/www.zmkt.si\\\/it\\\/palazzo-pretorio\\\/\",\"name\":\"Palazzo Pretorio - Zavod za mladino, kulturo in turizem Koper\",\"isPartOf\":{\"@id\":\"https:\\\/\\\/www.zmkt.si\\\/it\\\/#website\"},\"primaryImageOfPage\":{\"@id\":\"https:\\\/\\\/www.zmkt.si\\\/it\\\/palazzo-pretorio\\\/#primaryimage\"},\"image\":{\"@id\":\"https:\\\/\\\/www.zmkt.si\\\/it\\\/palazzo-pretorio\\\/#primaryimage\"},\"thumbnailUrl\":\"https:\\\/\\\/www.zmkt.si\\\/wp-content\\\/uploads\\\/2024\\\/08\\\/127634_MOK_Koper_mesto_prizorisca_Foto_Jaka_Ivancic.jpg\",\"datePublished\":\"2023-03-15T05:04:44+00:00\",\"dateModified\":\"2025-11-25T14:36:51+00:00\",\"breadcrumb\":{\"@id\":\"https:\\\/\\\/www.zmkt.si\\\/it\\\/palazzo-pretorio\\\/#breadcrumb\"},\"inLanguage\":\"it-IT\",\"potentialAction\":[{\"@type\":\"ReadAction\",\"target\":[\"https:\\\/\\\/www.zmkt.si\\\/it\\\/palazzo-pretorio\\\/\"]}]},{\"@type\":\"ImageObject\",\"inLanguage\":\"it-IT\",\"@id\":\"https:\\\/\\\/www.zmkt.si\\\/it\\\/palazzo-pretorio\\\/#primaryimage\",\"url\":\"https:\\\/\\\/www.zmkt.si\\\/wp-content\\\/uploads\\\/2024\\\/08\\\/127634_MOK_Koper_mesto_prizorisca_Foto_Jaka_Ivancic.jpg\",\"contentUrl\":\"https:\\\/\\\/www.zmkt.si\\\/wp-content\\\/uploads\\\/2024\\\/08\\\/127634_MOK_Koper_mesto_prizorisca_Foto_Jaka_Ivancic.jpg\"},{\"@type\":\"BreadcrumbList\",\"@id\":\"https:\\\/\\\/www.zmkt.si\\\/it\\\/palazzo-pretorio\\\/#breadcrumb\",\"itemListElement\":[{\"@type\":\"ListItem\",\"position\":1,\"name\":\"Home\",\"item\":\"https:\\\/\\\/www.zmkt.si\\\/it\\\/\"},{\"@type\":\"ListItem\",\"position\":2,\"name\":\"Palazzo Pretorio\"}]},{\"@type\":\"WebSite\",\"@id\":\"https:\\\/\\\/www.zmkt.si\\\/it\\\/#website\",\"url\":\"https:\\\/\\\/www.zmkt.si\\\/it\\\/\",\"name\":\"Zavod za mladino, kulturo in turizem Koper\",\"description\":\"Dobrodo&scaron;li!\",\"potentialAction\":[{\"@type\":\"SearchAction\",\"target\":{\"@type\":\"EntryPoint\",\"urlTemplate\":\"https:\\\/\\\/www.zmkt.si\\\/it\\\/?s={search_term_string}\"},\"query-input\":{\"@type\":\"PropertyValueSpecification\",\"valueRequired\":true,\"valueName\":\"search_term_string\"}}],\"inLanguage\":\"it-IT\"}]}<\/script>\n<!-- \/ Yoast SEO plugin. -->","yoast_head_json":{"title":"Palazzo Pretorio - Zavod za mladino, kulturo in turizem Koper","robots":{"index":"index","follow":"follow","max-snippet":"max-snippet:-1","max-image-preview":"max-image-preview:large","max-video-preview":"max-video-preview:-1"},"canonical":"https:\/\/www.zmkt.si\/it\/palazzo-pretorio\/","og_locale":"it_IT","og_type":"article","og_title":"Palazzo Pretorio - Zavod za mladino, kulturo in turizem Koper","og_description":"[vc_row full_width=&#8221;stretch_row&#8221; el_class=&#8221;page-title&#8221; css=&#8221;.vc_custom_1722847582686{background-image: url(https:\/\/www.zmkt.si\/wp-content\/uploads\/2024\/08\/3Y0A0545v3-brez-statistov.jpg?id=445) !important;}&#8221;][vc_column][vc_column_text] Palazzo Pretorio [\/vc_column_text][\/vc_column][\/vc_row][vc_row][vc_column][vc_column_text el_class=&#8221;objekt&#8221;] Il Palazzo Pretorio, nella piazza centrale della citt\u00e0, \u00e8 uno dei palazzi pi\u00f9 famosi di Capodistria e dei suoi dintorni. In passato era la sede del podest\u00e0, dei capitani, del Gran Consiglio e di altre cariche cittadine. \u00c8 stato costruito sul sito di due case [&hellip;]","og_url":"https:\/\/www.zmkt.si\/it\/palazzo-pretorio\/","og_site_name":"Zavod za mladino, kulturo in turizem Koper","article_modified_time":"2025-11-25T14:36:51+00:00","og_image":[{"width":2500,"height":1668,"url":"https:\/\/www.zmkt.si\/wp-content\/uploads\/2024\/08\/127634_MOK_Koper_mesto_prizorisca_Foto_Jaka_Ivancic.jpg","type":"image\/jpeg"}],"twitter_card":"summary_large_image","twitter_misc":{"Tempo di lettura stimato":"3 minuti"},"schema":{"@context":"https:\/\/schema.org","@graph":[{"@type":"WebPage","@id":"https:\/\/www.zmkt.si\/it\/palazzo-pretorio\/","url":"https:\/\/www.zmkt.si\/it\/palazzo-pretorio\/","name":"Palazzo Pretorio - Zavod za mladino, kulturo in turizem Koper","isPartOf":{"@id":"https:\/\/www.zmkt.si\/it\/#website"},"primaryImageOfPage":{"@id":"https:\/\/www.zmkt.si\/it\/palazzo-pretorio\/#primaryimage"},"image":{"@id":"https:\/\/www.zmkt.si\/it\/palazzo-pretorio\/#primaryimage"},"thumbnailUrl":"https:\/\/www.zmkt.si\/wp-content\/uploads\/2024\/08\/127634_MOK_Koper_mesto_prizorisca_Foto_Jaka_Ivancic.jpg","datePublished":"2023-03-15T05:04:44+00:00","dateModified":"2025-11-25T14:36:51+00:00","breadcrumb":{"@id":"https:\/\/www.zmkt.si\/it\/palazzo-pretorio\/#breadcrumb"},"inLanguage":"it-IT","potentialAction":[{"@type":"ReadAction","target":["https:\/\/www.zmkt.si\/it\/palazzo-pretorio\/"]}]},{"@type":"ImageObject","inLanguage":"it-IT","@id":"https:\/\/www.zmkt.si\/it\/palazzo-pretorio\/#primaryimage","url":"https:\/\/www.zmkt.si\/wp-content\/uploads\/2024\/08\/127634_MOK_Koper_mesto_prizorisca_Foto_Jaka_Ivancic.jpg","contentUrl":"https:\/\/www.zmkt.si\/wp-content\/uploads\/2024\/08\/127634_MOK_Koper_mesto_prizorisca_Foto_Jaka_Ivancic.jpg"},{"@type":"BreadcrumbList","@id":"https:\/\/www.zmkt.si\/it\/palazzo-pretorio\/#breadcrumb","itemListElement":[{"@type":"ListItem","position":1,"name":"Home","item":"https:\/\/www.zmkt.si\/it\/"},{"@type":"ListItem","position":2,"name":"Palazzo Pretorio"}]},{"@type":"WebSite","@id":"https:\/\/www.zmkt.si\/it\/#website","url":"https:\/\/www.zmkt.si\/it\/","name":"Zavod za mladino, kulturo in turizem Koper","description":"Dobrodo&scaron;li!","potentialAction":[{"@type":"SearchAction","target":{"@type":"EntryPoint","urlTemplate":"https:\/\/www.zmkt.si\/it\/?s={search_term_string}"},"query-input":{"@type":"PropertyValueSpecification","valueRequired":true,"valueName":"search_term_string"}}],"inLanguage":"it-IT"}]}},"_links":{"self":[{"href":"https:\/\/www.zmkt.si\/it\/wp-json\/wp\/v2\/pages\/1149","targetHints":{"allow":["GET"]}}],"collection":[{"href":"https:\/\/www.zmkt.si\/it\/wp-json\/wp\/v2\/pages"}],"about":[{"href":"https:\/\/www.zmkt.si\/it\/wp-json\/wp\/v2\/types\/page"}],"author":[{"embeddable":true,"href":"https:\/\/www.zmkt.si\/it\/wp-json\/wp\/v2\/users\/1"}],"replies":[{"embeddable":true,"href":"https:\/\/www.zmkt.si\/it\/wp-json\/wp\/v2\/comments?post=1149"}],"version-history":[{"count":5,"href":"https:\/\/www.zmkt.si\/it\/wp-json\/wp\/v2\/pages\/1149\/revisions"}],"predecessor-version":[{"id":1474,"href":"https:\/\/www.zmkt.si\/it\/wp-json\/wp\/v2\/pages\/1149\/revisions\/1474"}],"wp:attachment":[{"href":"https:\/\/www.zmkt.si\/it\/wp-json\/wp\/v2\/media?parent=1149"}],"curies":[{"name":"wp","href":"https:\/\/api.w.org\/{rel}","templated":true}]}}