{"id":1158,"date":"2023-03-15T05:04:44","date_gmt":"2023-03-15T05:04:44","guid":{"rendered":"https:\/\/www.zmkt.si\/sala-eventi-e-cerimonie-san-francesco-dassisi\/"},"modified":"2025-11-24T08:02:14","modified_gmt":"2025-11-24T08:02:14","slug":"sala-eventi-e-cerimonie-san-francesco-dassisi","status":"publish","type":"page","link":"https:\/\/www.zmkt.si\/it\/sala-eventi-e-cerimonie-san-francesco-dassisi\/","title":{"rendered":"Sala eventi e cerimonie San Francesco d\u2019Assisi"},"content":{"rendered":"<div class=\"wpb-content-wrapper\"><p>[vc_row full_width=&#8221;stretch_row&#8221; el_class=&#8221;page-title&#8221; css=&#8221;.vc_custom_1722847636888{background-image: url(https:\/\/www.zmkt.si\/wp-content\/uploads\/2024\/07\/IMG_9166.jpg?id=393) !important;}&#8221;][vc_column][vc_column_text]<\/p>\n<h1 style=\"text-align: center;\">Sala eventi e cerimonie<br \/>\nSan Francesco d\u2019Assisi<\/h1>\n<p>[\/vc_column_text][\/vc_column][\/vc_row][vc_row][vc_column][vc_column_text el_class=&#8221;objekt&#8221;]<\/p>\n<h5>La Sala eventi e cerimonie San Francesco d\u2019Assisi ha un passato ricco e variegato.<\/h5>\n<p>Inizialmente eretta come chiesa nel 1268, sub\u00ec diversi cambiamenti nel corso del tempo. A met\u00e0 del XVIII secolo il suo stile era barocco, ma dal 1809 in poi non fu pi\u00f9 utilizzata per scopi liturgici. Tra il 1968 e il 1969 fu trasformata in una palestra e utilizzata dal Ginnasio Capodistria fino al 1990, dopodich\u00e9 fu chiusa. Da diversi anni il Comune citt\u00e0 di Capodistria, insieme all\u2019Istituto per la tutela del patrimonio culturale, ha l\u2019obiettivo di rilanciare l\u2019edificio.<\/p>\n<p>Nel 2008, sulla base di un piano di conservazione, ha commissionato un progetto di restauro della chiesa per trasformarla in una sala eventi e cerimonie polifunzionale. I minuziosi lavori di restauro, a cura del Comune, sono iniziati nel 2012 e hanno interessato il soffitto dagli affreschi barocchi, nonch\u00e9 i dipinti murali che decorano la cappella principale del coro. L\u2019intera navata esistente \u00e8 stata a sua volta restaurata. Il progetto di restauro ha previsto inoltre l\u2019introduzione del riscaldamento e raffreddamento a pavimento, nonch\u00e9 di elementi moderni di illuminazione scenica, di audio e di acustica, che consentono di ospitare un\u2019ampia variet\u00e0 di eventi culturali e cerimonie. Parte dell\u2019investimento ha riguardato inoltre l\u2019estensione della sala principale per mettere a disposizione strutture di servizio a supporto delle attivit\u00e0.<\/p>\n<h4>Informazioni generali<\/h4>\n<div class=\"table-responsive\">\n<table class=\"table\">\n<tbody>\n<tr>\n<th><strong>Tipi di eventi e attivit\u00e0<\/strong><\/th>\n<td>Concerti, conferenze, riunioni, cerimonie ufficiali, mostre, lezioni, cerimonie nuziali<\/td>\n<\/tr>\n<tr>\n<th><strong>Numero massimo di visitatori<\/strong><\/th>\n<td>250<\/td>\n<\/tr>\n<tr>\n<th><strong>Scadenza per la presentazione della domanda<\/strong><\/th>\n<td>Almeno 30 giorni prima dell\u2019evento<\/td>\n<\/tr>\n<tr>\n<th><strong>Domanda<\/strong><\/th>\n<td><a href=\"https:\/\/www.zmkt.si\/wp-content\/uploads\/2024\/09\/Vloga-za-uporabo-Dvorane-sv.-Franciska_-nova-slo.docx\" target=\"_blank\" rel=\"noopener\">Domanda per la concessione d\u2019uso della Sala eventi e cerimonie San Francesco d\u2019Assisi<\/a><\/td>\n<\/tr>\n<tr>\n<th><strong>Listino prezzi<\/strong><\/th>\n<td><a href=\"https:\/\/www.zmkt.si\/wp-content\/uploads\/2024\/08\/Cenik-Protokolarno-prireditvena-dvorana-sv.-Franciska-Asiskega-Koper.pdf\" target=\"_blank\" rel=\"noopener noreferrer\">Listino prezzi &#8211; Sala eventi e cerimonie San Francesco d\u2019Assisi<\/a><\/td>\n<\/tr>\n<tr>\n<th><strong>Ulteriori informazioni<\/strong><\/th>\n<td>E: <a href=\"mailto:patrik.holz@visitkoper.si\"><span data-olk-copy-source=\"MessageBody\">patrik.holz@visitkoper.si<\/span><\/a><br \/>\nT: <a href=\"http:\/\/Tel.:+386470635\" target=\"_blank\" rel=\"noopener\">+386 40 470 635<\/a><\/td>\n<\/tr>\n<tr>\n<th><strong>Dimensioni della sala<\/strong><\/th>\n<td>26 m (lunghezza) x 12 m (larghezza)<\/td>\n<\/tr>\n<\/tbody>\n<\/table>\n<\/div>\n<h4>Attrezzature in sala<\/h4>\n<div class=\"table-responsive\">\n<table class=\"table\">\n<tbody>\n<tr>\n<th><strong>Attrezzature audio e video<\/strong><\/th>\n<td>S\u00cc<\/td>\n<\/tr>\n<tr>\n<th><strong>Illuminazione del palco<\/strong><\/th>\n<td>S\u00cc<\/td>\n<\/tr>\n<tr>\n<th><strong>Schermo di proiezione<\/strong><\/th>\n<td>S\u00cc<\/td>\n<\/tr>\n<tr>\n<th><strong>Palco<\/strong><\/th>\n<td>Disposizione standard: 6 x 7 m<\/td>\n<\/tr>\n<tr>\n<th><strong>Leggio per oratore<\/strong><\/th>\n<td>S\u00cc<\/td>\n<\/tr>\n<tr>\n<th><strong>Sedie da conferenza<\/strong><\/th>\n<td>S\u00cc<\/td>\n<\/tr>\n<tr>\n<th><strong>Sedie per l\u2019orchestra<\/strong><\/th>\n<td>S\u00cc<\/td>\n<\/tr>\n<\/tbody>\n<\/table>\n<\/div>\n<h4>Dimensioni della sala<\/h4>\n<div class=\"table-responsive\">\n<table class=\"table\">\n<tbody>\n<tr>\n<th><strong>Quadri elettrici<\/strong><\/th>\n<td>S\u00cc<\/td>\n<\/tr>\n<tr>\n<th><strong>Accesso alla rete idrica<\/strong><\/th>\n<td>S\u00cc<\/td>\n<\/tr>\n<\/tbody>\n<\/table>\n<\/div>\n<p><em>La sala dispone inoltre di un piccolo spogliatoio e di servizi igienici.<\/em><\/p>\n<p><img loading=\"lazy\" decoding=\"async\" class=\"aligncenter size-full wp-image-455\" src=\"https:\/\/www.zmkt.si\/wp-content\/uploads\/2024\/08\/686332_VisitKoper_Foto_Jaka_Ivancic-1.jpg\" alt=\"\" width=\"2500\" height=\"1667\" srcset=\"https:\/\/www.zmkt.si\/wp-content\/uploads\/2024\/08\/686332_VisitKoper_Foto_Jaka_Ivancic-1.jpg 2500w, https:\/\/www.zmkt.si\/wp-content\/uploads\/2024\/08\/686332_VisitKoper_Foto_Jaka_Ivancic-1-300x200.jpg 300w, https:\/\/www.zmkt.si\/wp-content\/uploads\/2024\/08\/686332_VisitKoper_Foto_Jaka_Ivancic-1-1024x683.jpg 1024w, https:\/\/www.zmkt.si\/wp-content\/uploads\/2024\/08\/686332_VisitKoper_Foto_Jaka_Ivancic-1-768x512.jpg 768w, https:\/\/www.zmkt.si\/wp-content\/uploads\/2024\/08\/686332_VisitKoper_Foto_Jaka_Ivancic-1-1536x1024.jpg 1536w, https:\/\/www.zmkt.si\/wp-content\/uploads\/2024\/08\/686332_VisitKoper_Foto_Jaka_Ivancic-1-2048x1366.jpg 2048w\" sizes=\"auto, (max-width: 2500px) 100vw, 2500px\" \/>[\/vc_column_text][\/vc_column][\/vc_row]<\/p>\n<\/div>","protected":false},"excerpt":{"rendered":"<p>[vc_row full_width=&#8221;stretch_row&#8221; el_class=&#8221;page-title&#8221; css=&#8221;.vc_custom_1722847636888{background-image: url(https:\/\/www.zmkt.si\/wp-content\/uploads\/2024\/07\/IMG_9166.jpg?id=393) !important;}&#8221;][vc_column][vc_column_text] Sala eventi e cerimonie San Francesco d\u2019Assisi [\/vc_column_text][\/vc_column][\/vc_row][vc_row][vc_column][vc_column_text el_class=&#8221;objekt&#8221;] La Sala eventi e cerimonie San Francesco d\u2019Assisi ha un passato ricco e variegato. Inizialmente eretta come chiesa nel 1268, sub\u00ec diversi cambiamenti nel corso del tempo. A met\u00e0 del XVIII secolo il suo stile era barocco, ma dal 1809 [&hellip;]<\/p>\n","protected":false},"author":1,"featured_media":0,"parent":0,"menu_order":0,"comment_status":"closed","ping_status":"closed","template":"","meta":{"footnotes":""},"class_list":["post-1158","page","type-page","status-publish","hentry"],"acf":[],"yoast_head":"<!-- This site is optimized with the Yoast SEO plugin v27.3 - https:\/\/yoast.com\/product\/yoast-seo-wordpress\/ -->\n<title>Sala eventi e cerimonie San Francesco d\u2019Assisi - Zavod za mladino, kulturo in turizem Koper<\/title>\n<meta name=\"robots\" content=\"index, follow, max-snippet:-1, max-image-preview:large, max-video-preview:-1\" \/>\n<link rel=\"canonical\" href=\"https:\/\/www.zmkt.si\/it\/sala-eventi-e-cerimonie-san-francesco-dassisi\/\" \/>\n<meta property=\"og:locale\" content=\"it_IT\" \/>\n<meta property=\"og:type\" content=\"article\" \/>\n<meta property=\"og:title\" content=\"Sala eventi e cerimonie San Francesco d\u2019Assisi - Zavod za mladino, kulturo in turizem Koper\" \/>\n<meta property=\"og:description\" content=\"[vc_row full_width=&#8221;stretch_row&#8221; el_class=&#8221;page-title&#8221; css=&#8221;.vc_custom_1722847636888{background-image: url(https:\/\/www.zmkt.si\/wp-content\/uploads\/2024\/07\/IMG_9166.jpg?id=393) !important;}&#8221;][vc_column][vc_column_text] Sala eventi e cerimonie San Francesco d\u2019Assisi [\/vc_column_text][\/vc_column][\/vc_row][vc_row][vc_column][vc_column_text el_class=&#8221;objekt&#8221;] La Sala eventi e cerimonie San Francesco d\u2019Assisi ha un passato ricco e variegato. Inizialmente eretta come chiesa nel 1268, sub\u00ec diversi cambiamenti nel corso del tempo. A met\u00e0 del XVIII secolo il suo stile era barocco, ma dal 1809 [&hellip;]\" \/>\n<meta property=\"og:url\" content=\"https:\/\/www.zmkt.si\/it\/sala-eventi-e-cerimonie-san-francesco-dassisi\/\" \/>\n<meta property=\"og:site_name\" content=\"Zavod za mladino, kulturo in turizem Koper\" \/>\n<meta property=\"article:modified_time\" content=\"2025-11-24T08:02:14+00:00\" \/>\n<meta property=\"og:image\" content=\"https:\/\/www.zmkt.si\/wp-content\/uploads\/2024\/08\/686332_VisitKoper_Foto_Jaka_Ivancic-1.jpg\" \/>\n\t<meta property=\"og:image:width\" content=\"2500\" \/>\n\t<meta property=\"og:image:height\" content=\"1667\" \/>\n\t<meta property=\"og:image:type\" content=\"image\/jpeg\" \/>\n<meta name=\"twitter:card\" content=\"summary_large_image\" \/>\n<meta name=\"twitter:label1\" content=\"Tempo di lettura stimato\" \/>\n\t<meta name=\"twitter:data1\" content=\"3 minuti\" \/>\n<script type=\"application\/ld+json\" class=\"yoast-schema-graph\">{\"@context\":\"https:\\\/\\\/schema.org\",\"@graph\":[{\"@type\":\"WebPage\",\"@id\":\"https:\\\/\\\/www.zmkt.si\\\/it\\\/sala-eventi-e-cerimonie-san-francesco-dassisi\\\/\",\"url\":\"https:\\\/\\\/www.zmkt.si\\\/it\\\/sala-eventi-e-cerimonie-san-francesco-dassisi\\\/\",\"name\":\"Sala eventi e cerimonie San Francesco d\u2019Assisi - Zavod za mladino, kulturo in turizem Koper\",\"isPartOf\":{\"@id\":\"https:\\\/\\\/www.zmkt.si\\\/it\\\/#website\"},\"primaryImageOfPage\":{\"@id\":\"https:\\\/\\\/www.zmkt.si\\\/it\\\/sala-eventi-e-cerimonie-san-francesco-dassisi\\\/#primaryimage\"},\"image\":{\"@id\":\"https:\\\/\\\/www.zmkt.si\\\/it\\\/sala-eventi-e-cerimonie-san-francesco-dassisi\\\/#primaryimage\"},\"thumbnailUrl\":\"https:\\\/\\\/www.zmkt.si\\\/wp-content\\\/uploads\\\/2024\\\/08\\\/686332_VisitKoper_Foto_Jaka_Ivancic-1.jpg\",\"datePublished\":\"2023-03-15T05:04:44+00:00\",\"dateModified\":\"2025-11-24T08:02:14+00:00\",\"breadcrumb\":{\"@id\":\"https:\\\/\\\/www.zmkt.si\\\/it\\\/sala-eventi-e-cerimonie-san-francesco-dassisi\\\/#breadcrumb\"},\"inLanguage\":\"it-IT\",\"potentialAction\":[{\"@type\":\"ReadAction\",\"target\":[\"https:\\\/\\\/www.zmkt.si\\\/it\\\/sala-eventi-e-cerimonie-san-francesco-dassisi\\\/\"]}]},{\"@type\":\"ImageObject\",\"inLanguage\":\"it-IT\",\"@id\":\"https:\\\/\\\/www.zmkt.si\\\/it\\\/sala-eventi-e-cerimonie-san-francesco-dassisi\\\/#primaryimage\",\"url\":\"https:\\\/\\\/www.zmkt.si\\\/wp-content\\\/uploads\\\/2024\\\/08\\\/686332_VisitKoper_Foto_Jaka_Ivancic-1.jpg\",\"contentUrl\":\"https:\\\/\\\/www.zmkt.si\\\/wp-content\\\/uploads\\\/2024\\\/08\\\/686332_VisitKoper_Foto_Jaka_Ivancic-1.jpg\"},{\"@type\":\"BreadcrumbList\",\"@id\":\"https:\\\/\\\/www.zmkt.si\\\/it\\\/sala-eventi-e-cerimonie-san-francesco-dassisi\\\/#breadcrumb\",\"itemListElement\":[{\"@type\":\"ListItem\",\"position\":1,\"name\":\"Home\",\"item\":\"https:\\\/\\\/www.zmkt.si\\\/it\\\/\"},{\"@type\":\"ListItem\",\"position\":2,\"name\":\"Sala eventi e cerimonie San Francesco d\u2019Assisi\"}]},{\"@type\":\"WebSite\",\"@id\":\"https:\\\/\\\/www.zmkt.si\\\/it\\\/#website\",\"url\":\"https:\\\/\\\/www.zmkt.si\\\/it\\\/\",\"name\":\"Zavod za mladino, kulturo in turizem Koper\",\"description\":\"Dobrodo&scaron;li!\",\"potentialAction\":[{\"@type\":\"SearchAction\",\"target\":{\"@type\":\"EntryPoint\",\"urlTemplate\":\"https:\\\/\\\/www.zmkt.si\\\/it\\\/?s={search_term_string}\"},\"query-input\":{\"@type\":\"PropertyValueSpecification\",\"valueRequired\":true,\"valueName\":\"search_term_string\"}}],\"inLanguage\":\"it-IT\"}]}<\/script>\n<!-- \/ Yoast SEO plugin. -->","yoast_head_json":{"title":"Sala eventi e cerimonie San Francesco d\u2019Assisi - Zavod za mladino, kulturo in turizem Koper","robots":{"index":"index","follow":"follow","max-snippet":"max-snippet:-1","max-image-preview":"max-image-preview:large","max-video-preview":"max-video-preview:-1"},"canonical":"https:\/\/www.zmkt.si\/it\/sala-eventi-e-cerimonie-san-francesco-dassisi\/","og_locale":"it_IT","og_type":"article","og_title":"Sala eventi e cerimonie San Francesco d\u2019Assisi - Zavod za mladino, kulturo in turizem Koper","og_description":"[vc_row full_width=&#8221;stretch_row&#8221; el_class=&#8221;page-title&#8221; css=&#8221;.vc_custom_1722847636888{background-image: url(https:\/\/www.zmkt.si\/wp-content\/uploads\/2024\/07\/IMG_9166.jpg?id=393) !important;}&#8221;][vc_column][vc_column_text] Sala eventi e cerimonie San Francesco d\u2019Assisi [\/vc_column_text][\/vc_column][\/vc_row][vc_row][vc_column][vc_column_text el_class=&#8221;objekt&#8221;] La Sala eventi e cerimonie San Francesco d\u2019Assisi ha un passato ricco e variegato. Inizialmente eretta come chiesa nel 1268, sub\u00ec diversi cambiamenti nel corso del tempo. A met\u00e0 del XVIII secolo il suo stile era barocco, ma dal 1809 [&hellip;]","og_url":"https:\/\/www.zmkt.si\/it\/sala-eventi-e-cerimonie-san-francesco-dassisi\/","og_site_name":"Zavod za mladino, kulturo in turizem Koper","article_modified_time":"2025-11-24T08:02:14+00:00","og_image":[{"width":2500,"height":1667,"url":"https:\/\/www.zmkt.si\/wp-content\/uploads\/2024\/08\/686332_VisitKoper_Foto_Jaka_Ivancic-1.jpg","type":"image\/jpeg"}],"twitter_card":"summary_large_image","twitter_misc":{"Tempo di lettura stimato":"3 minuti"},"schema":{"@context":"https:\/\/schema.org","@graph":[{"@type":"WebPage","@id":"https:\/\/www.zmkt.si\/it\/sala-eventi-e-cerimonie-san-francesco-dassisi\/","url":"https:\/\/www.zmkt.si\/it\/sala-eventi-e-cerimonie-san-francesco-dassisi\/","name":"Sala eventi e cerimonie San Francesco d\u2019Assisi - Zavod za mladino, kulturo in turizem Koper","isPartOf":{"@id":"https:\/\/www.zmkt.si\/it\/#website"},"primaryImageOfPage":{"@id":"https:\/\/www.zmkt.si\/it\/sala-eventi-e-cerimonie-san-francesco-dassisi\/#primaryimage"},"image":{"@id":"https:\/\/www.zmkt.si\/it\/sala-eventi-e-cerimonie-san-francesco-dassisi\/#primaryimage"},"thumbnailUrl":"https:\/\/www.zmkt.si\/wp-content\/uploads\/2024\/08\/686332_VisitKoper_Foto_Jaka_Ivancic-1.jpg","datePublished":"2023-03-15T05:04:44+00:00","dateModified":"2025-11-24T08:02:14+00:00","breadcrumb":{"@id":"https:\/\/www.zmkt.si\/it\/sala-eventi-e-cerimonie-san-francesco-dassisi\/#breadcrumb"},"inLanguage":"it-IT","potentialAction":[{"@type":"ReadAction","target":["https:\/\/www.zmkt.si\/it\/sala-eventi-e-cerimonie-san-francesco-dassisi\/"]}]},{"@type":"ImageObject","inLanguage":"it-IT","@id":"https:\/\/www.zmkt.si\/it\/sala-eventi-e-cerimonie-san-francesco-dassisi\/#primaryimage","url":"https:\/\/www.zmkt.si\/wp-content\/uploads\/2024\/08\/686332_VisitKoper_Foto_Jaka_Ivancic-1.jpg","contentUrl":"https:\/\/www.zmkt.si\/wp-content\/uploads\/2024\/08\/686332_VisitKoper_Foto_Jaka_Ivancic-1.jpg"},{"@type":"BreadcrumbList","@id":"https:\/\/www.zmkt.si\/it\/sala-eventi-e-cerimonie-san-francesco-dassisi\/#breadcrumb","itemListElement":[{"@type":"ListItem","position":1,"name":"Home","item":"https:\/\/www.zmkt.si\/it\/"},{"@type":"ListItem","position":2,"name":"Sala eventi e cerimonie San Francesco d\u2019Assisi"}]},{"@type":"WebSite","@id":"https:\/\/www.zmkt.si\/it\/#website","url":"https:\/\/www.zmkt.si\/it\/","name":"Zavod za mladino, kulturo in turizem Koper","description":"Dobrodo&scaron;li!","potentialAction":[{"@type":"SearchAction","target":{"@type":"EntryPoint","urlTemplate":"https:\/\/www.zmkt.si\/it\/?s={search_term_string}"},"query-input":{"@type":"PropertyValueSpecification","valueRequired":true,"valueName":"search_term_string"}}],"inLanguage":"it-IT"}]}},"_links":{"self":[{"href":"https:\/\/www.zmkt.si\/it\/wp-json\/wp\/v2\/pages\/1158","targetHints":{"allow":["GET"]}}],"collection":[{"href":"https:\/\/www.zmkt.si\/it\/wp-json\/wp\/v2\/pages"}],"about":[{"href":"https:\/\/www.zmkt.si\/it\/wp-json\/wp\/v2\/types\/page"}],"author":[{"embeddable":true,"href":"https:\/\/www.zmkt.si\/it\/wp-json\/wp\/v2\/users\/1"}],"replies":[{"embeddable":true,"href":"https:\/\/www.zmkt.si\/it\/wp-json\/wp\/v2\/comments?post=1158"}],"version-history":[{"count":3,"href":"https:\/\/www.zmkt.si\/it\/wp-json\/wp\/v2\/pages\/1158\/revisions"}],"predecessor-version":[{"id":1461,"href":"https:\/\/www.zmkt.si\/it\/wp-json\/wp\/v2\/pages\/1158\/revisions\/1461"}],"wp:attachment":[{"href":"https:\/\/www.zmkt.si\/it\/wp-json\/wp\/v2\/media?parent=1158"}],"curies":[{"name":"wp","href":"https:\/\/api.w.org\/{rel}","templated":true}]}}