{"id":1161,"date":"2023-03-14T07:50:49","date_gmt":"2023-03-14T07:50:49","guid":{"rendered":"https:\/\/www.zmkt.si\/informazioni-di-contatto\/"},"modified":"2026-02-06T07:21:02","modified_gmt":"2026-02-06T07:21:02","slug":"informazioni-di-contatto","status":"publish","type":"page","link":"https:\/\/www.zmkt.si\/it\/informazioni-di-contatto\/","title":{"rendered":"Contatti"},"content":{"rendered":"<div class=\"wpb-content-wrapper\"><p>[vc_row full_width=&#8221;stretch_row&#8221; el_class=&#8221;page-title&#8221; css=&#8221;.vc_custom_1678859275592{background-image: url(https:\/\/www.zmkt.si\/wp-content\/uploads\/2023\/03\/Slider-Objeki-in-dovoljenja-1.jpg?id=332) !important;}&#8221;][vc_column][vc_column_text]<\/p>\n<h1 style=\"text-align: center;\">Contatti<\/h1>\n<p>[\/vc_column_text][\/vc_column][\/vc_row][vc_row][vc_column][vc_column_text]<\/p>\n<h2>ISTITUTO PER LA GIOVENT\u00d9, LA CULTURA E IL TURISMO<\/h2>\n<p>[\/vc_column_text][vc_row_inner][vc_column_inner width=&#8221;1\/3&#8243;][vc_column_text]<\/p>\n<div class=\"kc-elm kc-css-541094 kc_text_block contact-box\">\n<h4 style=\"text-align: center;\">HELENA BREC LOREDAN<\/h4>\n<p style=\"text-align: center;\">Direttrice dell\u2019Istituto<br \/>\nE: <a href=\"mailto:helena.loredan@visitkoper.si\">helena.loredan@visitkoper.si<\/a><br \/>\nT: <a href=\"tel: +386 31 356 480\">+386 69 999 606<\/a><\/p>\n<\/div>\n<p>[\/vc_column_text][\/vc_column_inner][vc_column_inner width=&#8221;1\/3&#8243;][vc_column_text]<\/p>\n<div class=\"kc-elm kc-css-186587 kc_text_block\">\n<h4 style=\"text-align: center;\">AMMINISTRAZIONE E CONTABILIT\u00c0<\/h4>\n<p style=\"text-align: center;\">Ufficio amministrazione e contabilit\u00e0<br \/>\nE: <a href=\"mailto:info@visitkoper.si\">info@visitkoper.si<\/a><\/p>\n<\/div>\n<p>[\/vc_column_text][\/vc_column_inner][vc_column_inner width=&#8221;1\/3&#8243;][vc_column_text]<\/p>\n<div class=\"kc-elm kc-css-186587 kc_text_block\">\n<h4 style=\"text-align: center;\">SARA VIDIC<\/h4>\n<p style=\"text-align: center;\">Relazioni pubbliche e marketing<br \/>\nE: <a href=\"mailto:sara.vidic@visitkoper.si\">sara.vidic@visitkoper.si<\/a><br \/>\nT: <a href=\"tel: +386 31 356 480\">+386 31 356 480<\/a><\/p>\n<\/div>\n<p>[\/vc_column_text][\/vc_column_inner][\/vc_row_inner][\/vc_column][\/vc_row][vc_row][vc_column][vc_empty_space height=&#8221;60&#8243;][vc_column_text]<\/p>\n<h2>GIOVENT\u00d9<\/h2>\n<p>[\/vc_column_text][vc_row_inner][vc_column_inner width=&#8221;1\/3&#8243;][\/vc_column_inner][vc_column_inner width=&#8221;1\/3&#8243;][vc_column_text]<\/p>\n<div class=\"kc-elm kc-css-606667 kc_text_block\">\n<div class=\"kc-elm kc-css-465996 kc_text_block\">\n<h4 style=\"text-align: center;\">JANA OTO\u010cAN<\/h4>\n<p style=\"text-align: center;\">Responsabile del dipartimento Giovent\u00f9<br \/>\nE: <a href=\"mailto:jana.otocan@visitkoper.si\">jana.otocan@visitkoper.si<\/a><br \/>\nT: <a href=\"http:\/\/+38651657595\/\" target=\"_blank\" rel=\"noopener\">+386 51 657 595<\/a><\/p>\n<\/div>\n<\/div>\n<p>[\/vc_column_text][\/vc_column_inner][vc_column_inner width=&#8221;1\/3&#8243;][\/vc_column_inner][\/vc_row_inner][vc_empty_space height=&#8221;60&#8243;][vc_column_text]<\/p>\n<h2>CULTURA<\/h2>\n<p>[\/vc_column_text][\/vc_column][\/vc_row][vc_row][vc_column][vc_row_inner][vc_column_inner width=&#8221;1\/3&#8243;][\/vc_column_inner][vc_column_inner width=&#8221;1\/3&#8243;][vc_column_text]<\/p>\n<div class=\"kc-elm kc-css-606667 kc_text_block\">\n<div class=\"kc-elm kc-css-465996 kc_text_block\">\n<h4 style=\"text-align: center;\">PATRIK HOLZ<\/h4>\n<p style=\"text-align: center;\">Coordinatore e addetto alle prenotazioni della Casa della cultura Sant\u2019Antonio<br \/>\nE: <a href=\"mailto:kultura@visitkoper.si\">patrik.holz@visitkoper.si<\/a><br \/>\nT: <a href=\"http:\/\/+386470635\" target=\"_blank\" rel=\"noopener\">+386 40 470 635<\/a><\/p>\n<\/div>\n<\/div>\n<p>[\/vc_column_text][\/vc_column_inner][vc_column_inner width=&#8221;1\/3&#8243;][\/vc_column_inner][\/vc_row_inner][\/vc_column][\/vc_row][vc_row][vc_column][vc_empty_space height=&#8221;60&#8243;][vc_column_text]<\/p>\n<h2>TURISMO<\/h2>\n<p>[\/vc_column_text][vc_row_inner][vc_column_inner width=&#8221;1\/3&#8243;][vc_column_text]<\/p>\n<div class=\"kc-elm kc-css-541094 kc_text_block contact-box\">\n<div class=\"kc-elm kc-css-78294 kc_text_block\">\n<h4 style=\"text-align: center;\">NINA KRIVEC<\/h4>\n<p style=\"text-align: center;\">City Manager<br \/>\nE: <a href=\"mailto:nina.krivec@visitkoper.si\">nina.krivec@visitkoper.si<\/a><br \/>\nT: <a href=\"http:\/\/tel.:+38641323380\">+386 41 323 380<\/a><\/p>\n<\/div>\n<\/div>\n<p>[\/vc_column_text][\/vc_column_inner][vc_column_inner width=&#8221;1\/3&#8243;][vc_column_text]<\/p>\n<h4 style=\"text-align: center;\">KATJU\u0160A STANKOVI\u0106 MARI\u0106<\/h4>\n<p style=\"text-align: center;\">Responsabile del turismo<br \/>\nE: <a href=\"mailto:katjusa.stankovicmaric@visitkoper.si\">katjusa.stankovicmaric@visitkoper.si<\/a><br \/>\nT<a href=\"http:\/\/+38656646403\/\" target=\"_blank\" rel=\"noopener\">:+386 31 447 677<\/a><\/p>\n<p>[\/vc_column_text][\/vc_column_inner][vc_column_inner width=&#8221;1\/3&#8243;][vc_column_text]<\/p>\n<h4 style=\"text-align: center;\">KRISTINA SARKI\u0106<\/h4>\n<p style=\"text-align: center;\">Registrazione dell&#8217;evento e noleggio dell\u2019attrezzatura<br \/>\nE: <a href=\"mailto:kristina.sarkic@visitkoper.si\">kristina.sarkic@visitkoper.si<\/a><br \/>\nT: <a href=\"tel:+386 41 211 816\">+386 41 211 816<\/a><\/p>\n<p>[\/vc_column_text][\/vc_column_inner][\/vc_row_inner][vc_row_inner][vc_column_inner width=&#8221;1\/3&#8243;][\/vc_column_inner][vc_column_inner width=&#8221;1\/3&#8243;][vc_column_text]<\/p>\n<div class=\"kc-elm kc-css-606667 kc_text_block\">\n<div class=\"kc-elm kc-css-465996 kc_text_block\">\n<h4 style=\"text-align: center;\">IZABELLA KRISIA LEVPOLD<\/h4>\n<p style=\"text-align: center;\">Prenotazioni degli spazi<br \/>\nE: <a href=\"mailto:izabella.levpold@visitkoper.si\">izabella.levpold@visitkoper.si<\/a><br \/>\nT: <a href=\"tel:+386 31 665 118\">+386 31 665 118<\/a><\/p>\n<\/div>\n<\/div>\n<p>[\/vc_column_text][\/vc_column_inner][vc_column_inner width=&#8221;1\/3&#8243;][\/vc_column_inner][\/vc_row_inner][\/vc_column][\/vc_row]<\/p>\n<\/div>","protected":false},"excerpt":{"rendered":"<p>[vc_row full_width=&#8221;stretch_row&#8221; el_class=&#8221;page-title&#8221; css=&#8221;.vc_custom_1678859275592{background-image: url(https:\/\/www.zmkt.si\/wp-content\/uploads\/2023\/03\/Slider-Objeki-in-dovoljenja-1.jpg?id=332) !important;}&#8221;][vc_column][vc_column_text] Contatti [\/vc_column_text][\/vc_column][\/vc_row][vc_row][vc_column][vc_column_text] ISTITUTO PER LA GIOVENT\u00d9, LA CULTURA E IL TURISMO [\/vc_column_text][vc_row_inner][vc_column_inner width=&#8221;1\/3&#8243;][vc_column_text] HELENA BREC LOREDAN Direttrice dell\u2019Istituto E: helena.loredan@visitkoper.si T: +386 69 999 606 [\/vc_column_text][\/vc_column_inner][vc_column_inner width=&#8221;1\/3&#8243;][vc_column_text] AMMINISTRAZIONE E CONTABILIT\u00c0 Ufficio amministrazione e contabilit\u00e0 E: info@visitkoper.si [\/vc_column_text][\/vc_column_inner][vc_column_inner width=&#8221;1\/3&#8243;][vc_column_text] SARA VIDIC Relazioni pubbliche e marketing E: sara.vidic@visitkoper.si T: +386 31 [&hellip;]<\/p>\n","protected":false},"author":1,"featured_media":0,"parent":0,"menu_order":0,"comment_status":"closed","ping_status":"closed","template":"","meta":{"footnotes":""},"class_list":["post-1161","page","type-page","status-publish","hentry"],"acf":[],"yoast_head":"<!-- This site is optimized with the Yoast SEO plugin v27.5 - https:\/\/yoast.com\/product\/yoast-seo-wordpress\/ -->\n<title>Contatti - Zavod za mladino, kulturo in turizem Koper<\/title>\n<meta name=\"robots\" content=\"index, follow, max-snippet:-1, max-image-preview:large, max-video-preview:-1\" \/>\n<link rel=\"canonical\" href=\"https:\/\/www.zmkt.si\/it\/informazioni-di-contatto\/\" \/>\n<meta property=\"og:locale\" content=\"it_IT\" \/>\n<meta property=\"og:type\" content=\"article\" \/>\n<meta property=\"og:title\" content=\"Contatti - Zavod za mladino, kulturo in turizem Koper\" \/>\n<meta property=\"og:description\" content=\"[vc_row full_width=&#8221;stretch_row&#8221; el_class=&#8221;page-title&#8221; css=&#8221;.vc_custom_1678859275592{background-image: url(https:\/\/www.zmkt.si\/wp-content\/uploads\/2023\/03\/Slider-Objeki-in-dovoljenja-1.jpg?id=332) !important;}&#8221;][vc_column][vc_column_text] Contatti [\/vc_column_text][\/vc_column][\/vc_row][vc_row][vc_column][vc_column_text] ISTITUTO PER LA GIOVENT\u00d9, LA CULTURA E IL TURISMO [\/vc_column_text][vc_row_inner][vc_column_inner width=&#8221;1\/3&#8243;][vc_column_text] HELENA BREC LOREDAN Direttrice dell\u2019Istituto E: helena.loredan@visitkoper.si T: +386 69 999 606 [\/vc_column_text][\/vc_column_inner][vc_column_inner width=&#8221;1\/3&#8243;][vc_column_text] AMMINISTRAZIONE E CONTABILIT\u00c0 Ufficio amministrazione e contabilit\u00e0 E: info@visitkoper.si [\/vc_column_text][\/vc_column_inner][vc_column_inner width=&#8221;1\/3&#8243;][vc_column_text] SARA VIDIC Relazioni pubbliche e marketing E: sara.vidic@visitkoper.si T: +386 31 [&hellip;]\" \/>\n<meta property=\"og:url\" content=\"https:\/\/www.zmkt.si\/it\/informazioni-di-contatto\/\" \/>\n<meta property=\"og:site_name\" content=\"Zavod za mladino, kulturo in turizem Koper\" \/>\n<meta property=\"article:modified_time\" content=\"2026-02-06T07:21:02+00:00\" \/>\n<meta name=\"twitter:card\" content=\"summary_large_image\" \/>\n<meta name=\"twitter:label1\" content=\"Tempo di lettura stimato\" \/>\n\t<meta name=\"twitter:data1\" content=\"1 minuto\" \/>\n<script type=\"application\/ld+json\" class=\"yoast-schema-graph\">{\"@context\":\"https:\\\/\\\/schema.org\",\"@graph\":[{\"@type\":\"WebPage\",\"@id\":\"https:\\\/\\\/www.zmkt.si\\\/it\\\/informazioni-di-contatto\\\/\",\"url\":\"https:\\\/\\\/www.zmkt.si\\\/it\\\/informazioni-di-contatto\\\/\",\"name\":\"Contatti - Zavod za mladino, kulturo in turizem Koper\",\"isPartOf\":{\"@id\":\"https:\\\/\\\/www.zmkt.si\\\/it\\\/#website\"},\"datePublished\":\"2023-03-14T07:50:49+00:00\",\"dateModified\":\"2026-02-06T07:21:02+00:00\",\"breadcrumb\":{\"@id\":\"https:\\\/\\\/www.zmkt.si\\\/it\\\/informazioni-di-contatto\\\/#breadcrumb\"},\"inLanguage\":\"it-IT\",\"potentialAction\":[{\"@type\":\"ReadAction\",\"target\":[\"https:\\\/\\\/www.zmkt.si\\\/it\\\/informazioni-di-contatto\\\/\"]}]},{\"@type\":\"BreadcrumbList\",\"@id\":\"https:\\\/\\\/www.zmkt.si\\\/it\\\/informazioni-di-contatto\\\/#breadcrumb\",\"itemListElement\":[{\"@type\":\"ListItem\",\"position\":1,\"name\":\"Home\",\"item\":\"https:\\\/\\\/www.zmkt.si\\\/it\\\/\"},{\"@type\":\"ListItem\",\"position\":2,\"name\":\"Contatti\"}]},{\"@type\":\"WebSite\",\"@id\":\"https:\\\/\\\/www.zmkt.si\\\/it\\\/#website\",\"url\":\"https:\\\/\\\/www.zmkt.si\\\/it\\\/\",\"name\":\"Zavod za mladino, kulturo in turizem Koper\",\"description\":\"Dobrodo&scaron;li!\",\"potentialAction\":[{\"@type\":\"SearchAction\",\"target\":{\"@type\":\"EntryPoint\",\"urlTemplate\":\"https:\\\/\\\/www.zmkt.si\\\/it\\\/?s={search_term_string}\"},\"query-input\":{\"@type\":\"PropertyValueSpecification\",\"valueRequired\":true,\"valueName\":\"search_term_string\"}}],\"inLanguage\":\"it-IT\"}]}<\/script>\n<!-- \/ Yoast SEO plugin. -->","yoast_head_json":{"title":"Contatti - Zavod za mladino, kulturo in turizem Koper","robots":{"index":"index","follow":"follow","max-snippet":"max-snippet:-1","max-image-preview":"max-image-preview:large","max-video-preview":"max-video-preview:-1"},"canonical":"https:\/\/www.zmkt.si\/it\/informazioni-di-contatto\/","og_locale":"it_IT","og_type":"article","og_title":"Contatti - Zavod za mladino, kulturo in turizem Koper","og_description":"[vc_row full_width=&#8221;stretch_row&#8221; el_class=&#8221;page-title&#8221; css=&#8221;.vc_custom_1678859275592{background-image: url(https:\/\/www.zmkt.si\/wp-content\/uploads\/2023\/03\/Slider-Objeki-in-dovoljenja-1.jpg?id=332) !important;}&#8221;][vc_column][vc_column_text] Contatti [\/vc_column_text][\/vc_column][\/vc_row][vc_row][vc_column][vc_column_text] ISTITUTO PER LA GIOVENT\u00d9, LA CULTURA E IL TURISMO [\/vc_column_text][vc_row_inner][vc_column_inner width=&#8221;1\/3&#8243;][vc_column_text] HELENA BREC LOREDAN Direttrice dell\u2019Istituto E: helena.loredan@visitkoper.si T: +386 69 999 606 [\/vc_column_text][\/vc_column_inner][vc_column_inner width=&#8221;1\/3&#8243;][vc_column_text] AMMINISTRAZIONE E CONTABILIT\u00c0 Ufficio amministrazione e contabilit\u00e0 E: info@visitkoper.si [\/vc_column_text][\/vc_column_inner][vc_column_inner width=&#8221;1\/3&#8243;][vc_column_text] SARA VIDIC Relazioni pubbliche e marketing E: sara.vidic@visitkoper.si T: +386 31 [&hellip;]","og_url":"https:\/\/www.zmkt.si\/it\/informazioni-di-contatto\/","og_site_name":"Zavod za mladino, kulturo in turizem Koper","article_modified_time":"2026-02-06T07:21:02+00:00","twitter_card":"summary_large_image","twitter_misc":{"Tempo di lettura stimato":"1 minuto"},"schema":{"@context":"https:\/\/schema.org","@graph":[{"@type":"WebPage","@id":"https:\/\/www.zmkt.si\/it\/informazioni-di-contatto\/","url":"https:\/\/www.zmkt.si\/it\/informazioni-di-contatto\/","name":"Contatti - Zavod za mladino, kulturo in turizem Koper","isPartOf":{"@id":"https:\/\/www.zmkt.si\/it\/#website"},"datePublished":"2023-03-14T07:50:49+00:00","dateModified":"2026-02-06T07:21:02+00:00","breadcrumb":{"@id":"https:\/\/www.zmkt.si\/it\/informazioni-di-contatto\/#breadcrumb"},"inLanguage":"it-IT","potentialAction":[{"@type":"ReadAction","target":["https:\/\/www.zmkt.si\/it\/informazioni-di-contatto\/"]}]},{"@type":"BreadcrumbList","@id":"https:\/\/www.zmkt.si\/it\/informazioni-di-contatto\/#breadcrumb","itemListElement":[{"@type":"ListItem","position":1,"name":"Home","item":"https:\/\/www.zmkt.si\/it\/"},{"@type":"ListItem","position":2,"name":"Contatti"}]},{"@type":"WebSite","@id":"https:\/\/www.zmkt.si\/it\/#website","url":"https:\/\/www.zmkt.si\/it\/","name":"Zavod za mladino, kulturo in turizem Koper","description":"Dobrodo&scaron;li!","potentialAction":[{"@type":"SearchAction","target":{"@type":"EntryPoint","urlTemplate":"https:\/\/www.zmkt.si\/it\/?s={search_term_string}"},"query-input":{"@type":"PropertyValueSpecification","valueRequired":true,"valueName":"search_term_string"}}],"inLanguage":"it-IT"}]}},"_links":{"self":[{"href":"https:\/\/www.zmkt.si\/it\/wp-json\/wp\/v2\/pages\/1161","targetHints":{"allow":["GET"]}}],"collection":[{"href":"https:\/\/www.zmkt.si\/it\/wp-json\/wp\/v2\/pages"}],"about":[{"href":"https:\/\/www.zmkt.si\/it\/wp-json\/wp\/v2\/types\/page"}],"author":[{"embeddable":true,"href":"https:\/\/www.zmkt.si\/it\/wp-json\/wp\/v2\/users\/1"}],"replies":[{"embeddable":true,"href":"https:\/\/www.zmkt.si\/it\/wp-json\/wp\/v2\/comments?post=1161"}],"version-history":[{"count":11,"href":"https:\/\/www.zmkt.si\/it\/wp-json\/wp\/v2\/pages\/1161\/revisions"}],"predecessor-version":[{"id":1577,"href":"https:\/\/www.zmkt.si\/it\/wp-json\/wp\/v2\/pages\/1161\/revisions\/1577"}],"wp:attachment":[{"href":"https:\/\/www.zmkt.si\/it\/wp-json\/wp\/v2\/media?parent=1161"}],"curies":[{"name":"wp","href":"https:\/\/api.w.org\/{rel}","templated":true}]}}