{"id":1168,"date":"2023-03-14T07:50:02","date_gmt":"2023-03-14T07:50:02","guid":{"rendered":"https:\/\/www.zmkt.si\/informazioni-sullistituto\/"},"modified":"2026-02-06T07:28:10","modified_gmt":"2026-02-06T07:28:10","slug":"informazioni-sullistituto","status":"publish","type":"page","link":"https:\/\/www.zmkt.si\/it\/informazioni-sullistituto\/","title":{"rendered":"Informazioni sull&#8217;Istituto"},"content":{"rendered":"<div class=\"wpb-content-wrapper\"><p>[vc_row full_width=&#8221;stretch_row&#8221; el_class=&#8221;page-title&#8221; css=&#8221;.vc_custom_1720025456050{background-image: url(https:\/\/www.zmkt.si\/wp-content\/uploads\/2024\/07\/Slider-Oglasevanje-in-promocija.jpg?id=367) !important;}&#8221;][vc_column][vc_column_text]<\/p>\n<h1 style=\"text-align: center;\">Informazioni sull&#8217;Istituto<\/h1>\n<p>[\/vc_column_text][\/vc_column][\/vc_row][vc_row][vc_column][vc_column_text]<span data-olk-copy-source=\"MessageBody\">Ente pubblico per i giovani, la cultura e il turismo Capodistria<\/span> \u00e8 stato istituito nel 2020 con l&#8217;obiettivo dello sviluppo unificato, della promozione e della valorizzazione del turismo, della cultura e del patrimonio culturale, nonch\u00e9 per la realizzazione di programmi e attivit\u00e0 di interesse per i giovani e altri utenti nel territorio del Comune di Capodistria, che siano di pubblico interesse.<\/p>\n<p>Nel settore della <strong>giovent\u00f9<\/strong>, \u00e8 responsabile dell&#8217;attuazione di attivit\u00e0 che costituiscono la creazione di uno spazio giovanile autonomo operante nella comunit\u00e0 locale, con l&#8217;obiettivo di favorire i contatti culturali, sociali e di altro tipo tra i giovani, promuovendo l&#8217;integrazione sociale, la partecipazione attiva e la responsabilit\u00e0 sociale dei giovani. Promuove le attivit\u00e0 di volontariato e l&#8217;educazione non formale dei giovani, favorisce la mobilit\u00e0 e il networking internazionale dei giovani, fornisce informazioni ai giovani, organizza e implementa varie attivit\u00e0 di interesse per fornire ai giovani benefici in diversi campi di attivit\u00e0, fornisce supporto di mentoring e promuove i loro risultati.<\/p>\n<p>Nel campo della <strong>cultura<\/strong>, \u00e8 responsabile dell&#8217;integrazione, della cooperazione e del coordinamento di tutti gli attori culturali nell&#8217;area dell&#8217;istituzione fondatrice, della promozione e dell&#8217;incoraggiamento dello sviluppo della cultura e della promozione dello sviluppo e del miglioramento delle infrastrutture nel campo delle attivit\u00e0 culturali. Assicura l&#8217;attuazione regolare e sostenibile del programma culturale nei settori della musica, delle arti visive, delle arti dello spettacolo e di tutte le altre forme di creazione artistica in ambito locale, regionale e internazionale e promuove il patrimonio culturale.<\/p>\n<p>Nel campo <strong>del turismo<\/strong>, \u00e8 responsabile di promuovere e incoraggiare lo sviluppo del turismo e la creazione di un&#8217;offerta turistica completa e di prodotti turistici integrati nell&#8217;area del fondatore. Assicura un lavoro professionale continuo per garantire e promuovere le condizioni per l&#8217;esercizio e lo sviluppo delle attivit\u00e0 turistiche e pianifica, organizza e attua una politica per promuovere lo sviluppo del turismo. L&#8217;Istituto assicura l&#8217;integrazione, la cooperazione e il coordinamento di tutti gli attori del turismo, svolge attivit\u00e0 di informazione turistica e promuove lo sviluppo e il miglioramento delle infrastrutture turistiche. Nel campo degli eventi, \u00e8 responsabile dell&#8217;organizzazione, del coordinamento e della promozione di eventi turistici, culturali, giovanili, sportivi e di altro tipo di importanza comunale.[\/vc_column_text][vc_empty_space height=&#8221;60px&#8221;][\/vc_column][\/vc_row][vc_row][vc_column][vc_column_text]<\/p>\n<h2>Documenti fondamentali<\/h2>\n<ul>\n<li><a href=\"https:\/\/www.uradni-list.si\/glasilo-uradni-list-rs\/vsebina\/2019-01-3151\/odlok-o-ustanovitvi-zavoda-za-mladino-kulturo-in-turizem-koper\" target=\"_blank\" rel=\"noopener\">Decreto che istituisce l&#8217;istituzione<\/a><\/li>\n<li><a href=\"https:\/\/www.zmkt.si\/wp-content\/uploads\/2024\/10\/Strategija_turizma_2025_web.pdf\">Strategia per lo sviluppo e il marketing del turismo nel Comune di Capodistria fino al 2025<\/a><\/li>\n<li><a href=\"https:\/\/www.zmkt.si\/wp-content\/uploads\/2025\/02\/Lektoriran-dokument-30-01-2025-STRATEGIJA-TURIZMA-V-MESTNI-OBCINI-KOPER-2030.pdf\">Strategia turistica di Capodistria 2030<\/a><\/li>\n<li><a href=\"https:\/\/www.zmkt.si\/wp-content\/uploads\/2025\/03\/Organizacijska-shema-ZMKT.pdf\">Organigramma dello ZMKT<\/a><\/li>\n<li><a href=\"https:\/\/www.zmkt.si\/wp-content\/uploads\/2024\/09\/LETNO-POROCILO-2023-27-02-2024.pdf\">Relazione annuale ZMKT 2023<\/a><\/li>\n<li><a href=\"https:\/\/www.zmkt.si\/wp-content\/uploads\/2024\/09\/Program-dela-2024-ZMKT-22-01-2024.pdf\">Programma di lavoro 2024 ZMKT<\/a><\/li>\n<li><a href=\"https:\/\/www.zmkt.si\/wp-content\/uploads\/2024\/09\/Krizni-nacrt-za-turizem-Koper.pdf\">Piano di crisi per il turismo di Capodistria<\/a><\/li>\n<li><a href=\"https:\/\/www.zmkt.si\/zapisniki-sej-sveta-zavoda-zmkt\/\">Verbali delle riunioni del Consiglio dello ZMKT<\/a><\/li>\n<li><a href=\"https:\/\/www.zmkt.si\/wp-content\/uploads\/2024\/11\/Pravilnik-o-pravici-do-odklopa.pdf\" target=\"_blank\" rel=\"noopener\">Politica sul diritto di disconnessione<\/a><\/li>\n<li><a href=\"https:\/\/www.zmkt.si\/wp-content\/uploads\/2024\/11\/StatutZMKT-logo-novi-2102-2024-1.pdf\">Statuti dell&#8217;Istituto pubblico ZMKT<\/a><\/li>\n<li><a href=\"https:\/\/www.zmkt.si\/wp-content\/uploads\/2025\/03\/Poslovno-porocilo-2024-ZMKT-KP.pdf\">Relazione annuale ZMKT 2024<\/a><\/li>\n<li><a href=\"https:\/\/www.zmkt.si\/wp-content\/uploads\/2025\/03\/Program-dela-2025-ZMKT-KP.pdf\">Programma di lavoro 2025<\/a><\/li>\n<\/ul>\n<p>[\/vc_column_text][vc_empty_space height=&#8221;60px&#8221;][\/vc_column][\/vc_row][vc_row][vc_column][vc_column_text]<\/p>\n<h2>Documenti statistici<\/h2>\n<ul>\n<li style=\"list-style-type: none;\">\n<ul>\n<li><a href=\"https:\/\/www.zmkt.si\/wp-content\/uploads\/2024\/09\/STATISTICNO-POROCILO-O-EKONOMSKIH-UCINKIH-TURIZMA-V-DESTINACIJI-KOPER.odt\">Rapporto statistico sull&#8217;impatto economico del turismo nella Destinazione Capodistria<\/a><\/li>\n<\/ul>\n<\/li>\n<\/ul>\n<p>[\/vc_column_text][vc_empty_space height=&#8221;60px&#8221;][\/vc_column][\/vc_row][vc_row][vc_column][vc_column_text]<\/p>\n<h2>Informazioni di base<\/h2>\n<p>[\/vc_column_text][vc_row_inner][vc_column_inner width=&#8221;1\/2&#8243;][vc_column_text]Nome: <strong>Istituto per la Giovent\u00f9, la Cultura e il Turismo di Capodistria<\/strong><\/p>\n<p>Indirizzo: <strong>Titov trg 3, Koper<\/strong><\/p>\n<p>Fondatore: <strong>Comune di Capodistria<\/strong><\/p>\n<p>Rappresentante: <strong>Helena Brec Loredan<\/strong><\/p>\n<p>Codice fiscale SI: 75852179<\/p>\n<p>Numero di registrazione: 8047464000[\/vc_column_text][\/vc_column_inner][vc_column_inner width=&#8221;1\/2&#8243;][vc_column_text]<strong><u>Elenco dei membri del Consiglio dell&#8217;Istituto per il mandato 2024-2028<\/u><\/strong><\/p>\n<p><strong>Andrej Erzeti\u010d <\/strong>&#8211; Presidente del Consiglio dell&#8217;Istituto<br \/>\n<strong>Borut Jerman <\/strong>&#8211; Vicepresidente (rappresentante del pubblico interessato alla cultura)<br \/>\n<strong>Mark Djura\u0161evi\u0107<\/strong> &#8211; Membro (Rappresentante delle parti interessate per i giovani)<br \/>\n<strong>Jasna Babi\u010d <\/strong>&#8211; membro (rappresentante del pubblico interessato nel settore del turismo)<strong><br \/>\nSabina Mozeti\u010d<\/strong> &#8211; membro (rappresentante del fondatore)<br \/>\n<strong>Patricij Omar<\/strong> &#8211; Membro (rappresentante del fondatore)<br \/>\n<strong>Noemi Stancich<\/strong> &#8211; Membro (rappresentante del fondatore)<br \/>\n<strong>Ivo \u0160tokovi\u010d<\/strong> &#8211; membro (rappresentante del fondatore)<br \/>\n<strong>Patrik Holz<\/strong> &#8211; Membro (rappresentante dei dipendenti)[\/vc_column_text][\/vc_column_inner][\/vc_row_inner][\/vc_column][\/vc_row][vc_row][vc_column][vc_empty_space height=&#8221;60px&#8221;][vc_column_text][\/vc_column_text][\/vc_column][\/vc_row]<\/p>\n<\/div>","protected":false},"excerpt":{"rendered":"<p>[vc_row full_width=&#8221;stretch_row&#8221; el_class=&#8221;page-title&#8221; css=&#8221;.vc_custom_1720025456050{background-image: url(https:\/\/www.zmkt.si\/wp-content\/uploads\/2024\/07\/Slider-Oglasevanje-in-promocija.jpg?id=367) !important;}&#8221;][vc_column][vc_column_text] Informazioni sull&#8217;Istituto [\/vc_column_text][\/vc_column][\/vc_row][vc_row][vc_column][vc_column_text]Ente pubblico per i giovani, la cultura e il turismo Capodistria \u00e8 stato istituito nel 2020 con l&#8217;obiettivo dello sviluppo unificato, della promozione e della valorizzazione del turismo, della cultura e del patrimonio culturale, nonch\u00e9 per la realizzazione di programmi e attivit\u00e0 di interesse per i giovani [&hellip;]<\/p>\n","protected":false},"author":1,"featured_media":0,"parent":0,"menu_order":0,"comment_status":"closed","ping_status":"closed","template":"","meta":{"footnotes":""},"class_list":["post-1168","page","type-page","status-publish","hentry"],"acf":[],"yoast_head":"<!-- This site is optimized with the Yoast SEO plugin v27.3 - https:\/\/yoast.com\/product\/yoast-seo-wordpress\/ -->\n<title>Informazioni sull&#039;Istituto - Zavod za mladino, kulturo in turizem Koper<\/title>\n<meta name=\"robots\" content=\"index, follow, max-snippet:-1, max-image-preview:large, max-video-preview:-1\" \/>\n<link rel=\"canonical\" href=\"https:\/\/www.zmkt.si\/it\/informazioni-sullistituto\/\" \/>\n<meta property=\"og:locale\" content=\"it_IT\" \/>\n<meta property=\"og:type\" content=\"article\" \/>\n<meta property=\"og:title\" content=\"Informazioni sull&#039;Istituto - Zavod za mladino, kulturo in turizem Koper\" \/>\n<meta property=\"og:description\" content=\"[vc_row full_width=&#8221;stretch_row&#8221; el_class=&#8221;page-title&#8221; css=&#8221;.vc_custom_1720025456050{background-image: url(https:\/\/www.zmkt.si\/wp-content\/uploads\/2024\/07\/Slider-Oglasevanje-in-promocija.jpg?id=367) !important;}&#8221;][vc_column][vc_column_text] Informazioni sull&#8217;Istituto [\/vc_column_text][\/vc_column][\/vc_row][vc_row][vc_column][vc_column_text]Ente pubblico per i giovani, la cultura e il turismo Capodistria \u00e8 stato istituito nel 2020 con l&#8217;obiettivo dello sviluppo unificato, della promozione e della valorizzazione del turismo, della cultura e del patrimonio culturale, nonch\u00e9 per la realizzazione di programmi e attivit\u00e0 di interesse per i giovani [&hellip;]\" \/>\n<meta property=\"og:url\" content=\"https:\/\/www.zmkt.si\/it\/informazioni-sullistituto\/\" \/>\n<meta property=\"og:site_name\" content=\"Zavod za mladino, kulturo in turizem Koper\" \/>\n<meta property=\"article:modified_time\" content=\"2026-02-06T07:28:10+00:00\" \/>\n<meta name=\"twitter:card\" content=\"summary_large_image\" \/>\n<meta name=\"twitter:label1\" content=\"Tempo di lettura stimato\" \/>\n\t<meta name=\"twitter:data1\" content=\"4 minuti\" \/>\n<script type=\"application\/ld+json\" class=\"yoast-schema-graph\">{\"@context\":\"https:\\\/\\\/schema.org\",\"@graph\":[{\"@type\":\"WebPage\",\"@id\":\"https:\\\/\\\/www.zmkt.si\\\/it\\\/informazioni-sullistituto\\\/\",\"url\":\"https:\\\/\\\/www.zmkt.si\\\/it\\\/informazioni-sullistituto\\\/\",\"name\":\"Informazioni sull'Istituto - Zavod za mladino, kulturo in turizem Koper\",\"isPartOf\":{\"@id\":\"https:\\\/\\\/www.zmkt.si\\\/it\\\/#website\"},\"datePublished\":\"2023-03-14T07:50:02+00:00\",\"dateModified\":\"2026-02-06T07:28:10+00:00\",\"breadcrumb\":{\"@id\":\"https:\\\/\\\/www.zmkt.si\\\/it\\\/informazioni-sullistituto\\\/#breadcrumb\"},\"inLanguage\":\"it-IT\",\"potentialAction\":[{\"@type\":\"ReadAction\",\"target\":[\"https:\\\/\\\/www.zmkt.si\\\/it\\\/informazioni-sullistituto\\\/\"]}]},{\"@type\":\"BreadcrumbList\",\"@id\":\"https:\\\/\\\/www.zmkt.si\\\/it\\\/informazioni-sullistituto\\\/#breadcrumb\",\"itemListElement\":[{\"@type\":\"ListItem\",\"position\":1,\"name\":\"Home\",\"item\":\"https:\\\/\\\/www.zmkt.si\\\/it\\\/\"},{\"@type\":\"ListItem\",\"position\":2,\"name\":\"Informazioni sull&#8217;Istituto\"}]},{\"@type\":\"WebSite\",\"@id\":\"https:\\\/\\\/www.zmkt.si\\\/it\\\/#website\",\"url\":\"https:\\\/\\\/www.zmkt.si\\\/it\\\/\",\"name\":\"Zavod za mladino, kulturo in turizem Koper\",\"description\":\"Dobrodo&scaron;li!\",\"potentialAction\":[{\"@type\":\"SearchAction\",\"target\":{\"@type\":\"EntryPoint\",\"urlTemplate\":\"https:\\\/\\\/www.zmkt.si\\\/it\\\/?s={search_term_string}\"},\"query-input\":{\"@type\":\"PropertyValueSpecification\",\"valueRequired\":true,\"valueName\":\"search_term_string\"}}],\"inLanguage\":\"it-IT\"}]}<\/script>\n<!-- \/ Yoast SEO plugin. -->","yoast_head_json":{"title":"Informazioni sull'Istituto - Zavod za mladino, kulturo in turizem Koper","robots":{"index":"index","follow":"follow","max-snippet":"max-snippet:-1","max-image-preview":"max-image-preview:large","max-video-preview":"max-video-preview:-1"},"canonical":"https:\/\/www.zmkt.si\/it\/informazioni-sullistituto\/","og_locale":"it_IT","og_type":"article","og_title":"Informazioni sull'Istituto - Zavod za mladino, kulturo in turizem Koper","og_description":"[vc_row full_width=&#8221;stretch_row&#8221; el_class=&#8221;page-title&#8221; css=&#8221;.vc_custom_1720025456050{background-image: url(https:\/\/www.zmkt.si\/wp-content\/uploads\/2024\/07\/Slider-Oglasevanje-in-promocija.jpg?id=367) !important;}&#8221;][vc_column][vc_column_text] Informazioni sull&#8217;Istituto [\/vc_column_text][\/vc_column][\/vc_row][vc_row][vc_column][vc_column_text]Ente pubblico per i giovani, la cultura e il turismo Capodistria \u00e8 stato istituito nel 2020 con l&#8217;obiettivo dello sviluppo unificato, della promozione e della valorizzazione del turismo, della cultura e del patrimonio culturale, nonch\u00e9 per la realizzazione di programmi e attivit\u00e0 di interesse per i giovani [&hellip;]","og_url":"https:\/\/www.zmkt.si\/it\/informazioni-sullistituto\/","og_site_name":"Zavod za mladino, kulturo in turizem Koper","article_modified_time":"2026-02-06T07:28:10+00:00","twitter_card":"summary_large_image","twitter_misc":{"Tempo di lettura stimato":"4 minuti"},"schema":{"@context":"https:\/\/schema.org","@graph":[{"@type":"WebPage","@id":"https:\/\/www.zmkt.si\/it\/informazioni-sullistituto\/","url":"https:\/\/www.zmkt.si\/it\/informazioni-sullistituto\/","name":"Informazioni sull'Istituto - Zavod za mladino, kulturo in turizem Koper","isPartOf":{"@id":"https:\/\/www.zmkt.si\/it\/#website"},"datePublished":"2023-03-14T07:50:02+00:00","dateModified":"2026-02-06T07:28:10+00:00","breadcrumb":{"@id":"https:\/\/www.zmkt.si\/it\/informazioni-sullistituto\/#breadcrumb"},"inLanguage":"it-IT","potentialAction":[{"@type":"ReadAction","target":["https:\/\/www.zmkt.si\/it\/informazioni-sullistituto\/"]}]},{"@type":"BreadcrumbList","@id":"https:\/\/www.zmkt.si\/it\/informazioni-sullistituto\/#breadcrumb","itemListElement":[{"@type":"ListItem","position":1,"name":"Home","item":"https:\/\/www.zmkt.si\/it\/"},{"@type":"ListItem","position":2,"name":"Informazioni sull&#8217;Istituto"}]},{"@type":"WebSite","@id":"https:\/\/www.zmkt.si\/it\/#website","url":"https:\/\/www.zmkt.si\/it\/","name":"Zavod za mladino, kulturo in turizem Koper","description":"Dobrodo&scaron;li!","potentialAction":[{"@type":"SearchAction","target":{"@type":"EntryPoint","urlTemplate":"https:\/\/www.zmkt.si\/it\/?s={search_term_string}"},"query-input":{"@type":"PropertyValueSpecification","valueRequired":true,"valueName":"search_term_string"}}],"inLanguage":"it-IT"}]}},"_links":{"self":[{"href":"https:\/\/www.zmkt.si\/it\/wp-json\/wp\/v2\/pages\/1168","targetHints":{"allow":["GET"]}}],"collection":[{"href":"https:\/\/www.zmkt.si\/it\/wp-json\/wp\/v2\/pages"}],"about":[{"href":"https:\/\/www.zmkt.si\/it\/wp-json\/wp\/v2\/types\/page"}],"author":[{"embeddable":true,"href":"https:\/\/www.zmkt.si\/it\/wp-json\/wp\/v2\/users\/1"}],"replies":[{"embeddable":true,"href":"https:\/\/www.zmkt.si\/it\/wp-json\/wp\/v2\/comments?post=1168"}],"version-history":[{"count":11,"href":"https:\/\/www.zmkt.si\/it\/wp-json\/wp\/v2\/pages\/1168\/revisions"}],"predecessor-version":[{"id":1578,"href":"https:\/\/www.zmkt.si\/it\/wp-json\/wp\/v2\/pages\/1168\/revisions\/1578"}],"wp:attachment":[{"href":"https:\/\/www.zmkt.si\/it\/wp-json\/wp\/v2\/media?parent=1168"}],"curies":[{"name":"wp","href":"https:\/\/api.w.org\/{rel}","templated":true}]}}