{"id":1177,"date":"2023-03-14T07:50:18","date_gmt":"2023-03-14T07:50:18","guid":{"rendered":"https:\/\/www.zmkt.si\/per-gli-organizzatori-di-eventi\/"},"modified":"2026-04-13T09:06:13","modified_gmt":"2026-04-13T09:06:13","slug":"per-gli-organizzatori-di-eventi","status":"publish","type":"page","link":"https:\/\/www.zmkt.si\/it\/per-gli-organizzatori-di-eventi\/","title":{"rendered":"Per gli organizzatori di eventi"},"content":{"rendered":"<div class=\"wpb-content-wrapper\"><p>[vc_row full_width=&#8221;stretch_row&#8221; el_class=&#8221;page-title&#8221; css=&#8221;.vc_custom_1678799771804{background-image: url(https:\/\/www.zmkt.si\/wp-content\/uploads\/2023\/03\/Slider-Postopek-prijave.jpg?id=132) !important;}&#8221;][vc_column][vc_column_text]<\/p>\n<h1 style=\"text-align: center;\">Per gli organizzatori di eventi<\/h1>\n<p>[\/vc_column_text][\/vc_column][\/vc_row][vc_row][vc_column][vc_column_text]<\/p>\n<section class=\"kc-elm kc-css-248762 kc_row\">\n<div class=\"\">\n<div class=\"row\">\n<div class=\"kc-elm kc-css-105838 col-12 col-sm-12 column col-12 col-sm-12\">\n<div class=\"kc-col-container\">\n<div class=\"kc-elm kc-css-8330 kc_text_block\">\n<p style=\"text-align: center;\">La Destinazione Capodistria vanta un sistema di organizzazione eventi invidiabile.<br \/>\nI moderni impianti sportivi e un ambiente che favorisce la pratica di diverse discipline sportive, la variet\u00e0 di strutture a disposizione e le condizioni climatiche favorevoli offrono le condizioni ideali per l\u2019organizzazione di eventi di qualsiasi genere.<br \/>\nNella <a href=\"https:\/\/www.zmkt.si\/wp-content\/uploads\/2024\/07\/Brosura_prireditvenih_prostorov_julij2024.pdf\" target=\"_blank\" rel=\"noopener\">brochure<\/a> \u00e8 inclusa anche una presentazione degli spazi per eventi gestiti dall\u2019Istituto per la giovent\u00f9, la cultura e il turismo di Capodistria.<\/p>\n<\/div>\n<\/div>\n<\/div>\n<\/div>\n<\/div>\n<\/section>\n<p>[\/vc_column_text][\/vc_column][\/vc_row][vc_row][vc_column][vc_column_text]<\/p>\n<h2 style=\"text-align: center;\">Le nostre strutture<\/h2>\n<p>[\/vc_column_text][\/vc_column][\/vc_row][vc_row el_class=&#8221;objects&#8221;][vc_column width=&#8221;1\/4&#8243;][vc_single_image image=&#8221;949&#8243; img_size=&#8221;large&#8221; alignment=&#8221;center&#8221; onclick=&#8221;custom_link&#8221; link=&#8221;https:\/\/www.zmkt.si\/taverna\/&#8221;][vc_column_text]<\/p>\n<h4>Taverna<\/h4>\n<p><a href=\"https:\/\/goo.gl\/maps\/EFSueFw4qtZMMC579\">Pristani\u0161ka ulica 1, Capodistria<\/a><\/p>\n<p>La Taverna \u00e8 uno spazio polifunzionale all\u2019aperto per concerti, spettacoli teatrali, esibizioni di danza e canto, eventi culinari e molti altri tipi di eventi.<\/p>\n<p><a href=\"https:\/\/www.zmkt.si\/it\/taverna\/\">Altre informazioni &gt;&gt;&gt;&gt;<\/a>[\/vc_column_text][\/vc_column][vc_column width=&#8221;1\/4&#8243;][vc_single_image image=&#8221;946&#8243; img_size=&#8221;large&#8221; alignment=&#8221;center&#8221; onclick=&#8221;custom_link&#8221; link=&#8221;https:\/\/www.zmkt.si\/protokolarno-prireditvena-dvorana-sv-franciska-asiskega\/&#8221;][vc_column_text]<\/p>\n<h4>Sala eventi e cerimonie San Francesco d\u2019Assisi<\/h4>\n<p><a href=\"https:\/\/goo.gl\/maps\/HvvHoHwNGcT4cQnw7\">Martin\u010dev trg, Capodistria<\/a><\/p>\n<p>La sala eventi San Francesco d\u2019Assisi \u00e8 uno spazio ideale per concerti, cerimonie nuziali e numerosi eventi culturali e cerimonie ufficiali.<\/p>\n<p><a href=\"https:\/\/www.zmkt.si\/it\/sala-eventi-e-cerimonie-san-francesco-dassisi\/\">Altre informazioni &gt;&gt;&gt;&gt;<\/a>[\/vc_column_text][\/vc_column][vc_column width=&#8221;1\/4&#8243;][vc_single_image image=&#8221;948&#8243; img_size=&#8221;large&#8221; alignment=&#8221;center&#8221; onclick=&#8221;custom_link&#8221; link=&#8221;https:\/\/www.zmkt.si\/pretorska-palaca\/&#8221;][vc_column_text]<\/p>\n<h4>Palazzo Pretorio<\/h4>\n<p><a href=\"https:\/\/goo.gl\/maps\/a1WtjtCiC9q1cjf79\">Titov trg 3, Capodistria<\/a><\/p>\n<p>Il Palazzo Pretorio \u00e8 uno spazio adatto per conferenze, tavole rotonde, eventi letterari, riunioni, cerimonie ufficiali, mostre, lezioni, cerimonie nuziali.<\/p>\n<p><a href=\"https:\/\/www.zmkt.si\/it\/palazzo-pretorio\/\">Altre informazioni &gt;&gt;&gt;&gt;<\/a>[\/vc_column_text][\/vc_column][vc_column width=&#8221;1\/4&#8243;][vc_single_image image=&#8221;883&#8243; img_size=&#8221;large&#8221; alignment=&#8221;center&#8221; onclick=&#8221;custom_link&#8221; link=&#8221;https:\/\/www.zmkt.si\/hisa-kulture\/&#8221;][vc_column_text]<\/p>\n<h4>Casa della cultura<\/h4>\n<p><a href=\"https:\/\/goo.gl\/maps\/x25cqM5441R2URZ38\">Sv. Anton 2, 6276 Pobegi<\/a><\/p>\n<p>La Casa della cultura Sant\u2019Antonio \u00e8 facilmente raggiungibile e si trova nelle vicinanze di un ampio parcheggio gratuito. L\u2019edificio offre la possibilit\u00e0 di affittare le aule, una auditorium e una sala riunioni. Le aule e la sala riunioni si trovano al primo piano e possono ospitare piccoli eventi come lezioni, mostre, laboratori e riunioni, mentre l\u2019auditorium pu\u00f2 ospitare eventi culturali e non solo.<\/p>\n<p><a href=\"https:\/\/www.zmkt.si\/it\/casa-della-cultura\/\">Altre informazioni &gt;&gt;&gt;&gt;<\/a>[\/vc_column_text][\/vc_column][\/vc_row][vc_row][vc_column][vc_empty_space height=&#8221;60px&#8221;][vc_column_text]<\/p>\n<p style=\"text-align: center;\" data-start=\"0\" data-end=\"39\"><strong data-start=\"0\" data-end=\"39\">Listino prezzi delle visite guidate<\/strong><\/p>\n<p style=\"text-align: center;\" data-start=\"41\" data-end=\"251\">Nel documento qui sotto sono raccolte tutte le informazioni sull\u2019offerta, la durata e i prezzi delle visite organizzate da ZMKT Capodistria \u2013 dalle passeggiate in citt\u00e0 alle visite guidate del Palazzo Pretorio.<\/p>\n<p style=\"text-align: center;\" data-start=\"253\" data-end=\"271\" data-is-last-node=\"\" data-is-only-node=\"\"><a href=\"https:\/\/www.zmkt.si\/wp-content\/uploads\/2026\/04\/vodeni-ogledi-cenik-ITA.pdf\" target=\"_blank\" rel=\"noopener\"><strong data-start=\"253\" data-end=\"271\" data-is-last-node=\"\">LISTINO PREZZI<\/strong><\/a><\/p>\n<h2 style=\"text-align: center;\">Dovoljenja za izvedbo prireditev<\/h2>\n<p>[\/vc_column_text][\/vc_column][\/vc_row][vc_row gap=&#8221;20&#8243; el_class=&#8221;permits&#8221;][vc_column width=&#8221;1\/4&#8243;][vc_column_text el_class=&#8221;permits-title&#8221;]Prijava javne prireditve[\/vc_column_text][vc_column_text]<strong>Izdajatelj:<\/strong> Policijska postaja Koper<\/p>\n<p><strong>Rok za oddajo vloge:<\/strong> najmanj 5 dni pred prireditvijo<\/p>\n<p><strong>Elektronska vloga:<\/strong> <a href=\"https:\/\/e-uprava.gov.si\/podrocja\/vloge\/vloga.html?id=1327\" target=\"_blank\" rel=\"noopener noreferrer\">https:\/\/e-uprava.gov.si\/podrocja\/vloge\/vloga.html?id=1327<\/a>[\/vc_column_text][\/vc_column][vc_column width=&#8221;1\/4&#8243;][vc_column_text el_class=&#8221;permits-title&#8221;]Dovoljenje za organizacijo javne prireditve[\/vc_column_text][vc_column_text]<strong>Izdajatelj:<\/strong>\u00a0Upravna enota Koper<\/p>\n<p><strong>Rok za oddajo vloge:<\/strong> najmanj 10 dni pred prireditvijo, izjema so tekmovalne \u0161portne prireditve in prireditve v dveh ali ve\u010d upravnih enotah, ko je potrebno vlogo oddati najmanj 30 dni pred prireditvijo<\/p>\n<p><strong>Elektronska vloga: <\/strong><a href=\"https:\/\/e-uprava.gov.si\/podrocja\/vloge\/vloga.html?id=1328\" target=\"_blank\" rel=\"noopener noreferrer\">https:\/\/e-uprava.gov.si\/podrocja\/vloge\/vloga.html?id=1328<\/a>[\/vc_column_text][\/vc_column][vc_column width=&#8221;1\/4&#8243;][vc_column_text el_class=&#8221;permits-title&#8221;]Pozitivno mnenje za uporabo javne povr\u0161ine[\/vc_column_text][vc_column_text]<strong>Izdajatelj:<\/strong> Marjetica Koper d.o.o.<\/p>\n<p><strong>Rok za oddajo vloge:<\/strong> najmanj 30 dni pred prireditvijo<\/p>\n<p><strong>Vloga:<\/strong> <a href=\"https:\/\/www.marjeticakoper.si\/wp-content\/uploads\/2019\/12\/Vloga_Javne_Povrsine_2019.pdf\" target=\"_blank\" rel=\"noopener noreferrer\">https:\/\/www.marjeticakoper.si\/wp-content\/uploads\/2019\/12\/Vloga_Javne_Povrsine_2019.pdf<\/a>,<\/p>\n<p>Pozitivno mnenje je podlaga za izdajo dovoljenja za uporabo javne povr\u0161ine.[\/vc_column_text][\/vc_column][vc_column width=&#8221;1\/4&#8243;][vc_column_text el_class=&#8221;permits-title&#8221;]Dovoljenje za uporabo javne povr\u0161ine[\/vc_column_text][vc_column_text]<strong>Izdajatelj:<\/strong> Mestna ob\u010dina Koper<\/p>\n<p><strong>Rok za oddajo vloge:<\/strong> najmanj 30 dni pred prireditvijo<\/p>\n<p><strong>Vloga:<\/strong> <a href=\"https:\/\/koper.e-obcina.si\/objava\/407643?lang=sl\" target=\"_blank\" rel=\"noopener\">https:\/\/koper.e-obcina.si\/objava\/407643?lang=sl<\/a><\/p>\n<p><strong>Dodatne informacije:<\/strong> Urad za gospodarske javne slu\u017ebe, okolje in promet, tel: <a href=\"tel:0038656646330\">+386 (0)5 6646 330<\/a>.[\/vc_column_text][\/vc_column][\/vc_row][vc_row gap=&#8221;20&#8243; el_class=&#8221;permits&#8221;][vc_column width=&#8221;1\/4&#8243;][vc_column_text el_class=&#8221;permits-title&#8221;]Dovoljenje za zaporo prometa in izvedbo prireditve na ob\u010dinski cesti[\/vc_column_text][vc_column_text]<strong>Izdajatelj:<\/strong> Mestna ob\u010dina Koper<\/p>\n<p><strong>Rok za oddajo vloge:<\/strong> najmanj 30 dni pred prireditvijo<\/p>\n<p><strong>Vloga:<\/strong> <a href=\"https:\/\/koper.e-obcina.si\/objava\/407634?lang=sl\" target=\"_blank\" rel=\"noopener\">https:\/\/koper.e-obcina.si\/objava\/407634?lang=sl<\/a><\/p>\n<p><strong>Dodatne informacije:<\/strong> Urad za gospodarske javne slu\u017ebe, okolje in promet, tel: <a href=\"tel:0038656646330\">+386 (0)5 6646 330<\/a>.[\/vc_column_text][\/vc_column][vc_column width=&#8221;1\/4&#8243;][vc_column_text el_class=&#8221;permits-title&#8221;]Dovoljenje za \u010dezmerno in prekomerno uporabo ob\u010dinskih cest[\/vc_column_text][vc_column_text]<strong>Izdajatelj:<\/strong> Mestna ob\u010dina Koper<\/p>\n<p><strong>Rok za oddajo vloge:<\/strong> najmanj 5 dni pred prireditvijo<\/p>\n<p><strong>Vloga:<\/strong> <a href=\"https:\/\/koper.e-obcina.si\/objava\/407646?lang=sl\" target=\"_blank\" rel=\"noopener\">https:\/\/koper.e-obcina.si\/objava\/407646?lang=sl<\/a><\/p>\n<p><strong>Dodatne informacije:<\/strong> Urad za gospodarske javne slu\u017ebe, okolje in promet, tel: <a href=\"tel:0038656646330\">+386 (0)5 6646 330<\/a>.[\/vc_column_text][\/vc_column][vc_column width=&#8221;1\/4&#8243;][vc_column_text el_class=&#8221;permits-title&#8221;]Dovoljenje za za\u010dasno \u010dezmerno obremenitev okolja s hrupom[\/vc_column_text][vc_column_text]<strong>Izdajatelj:<\/strong> Mestna ob\u010dina Koper<\/p>\n<p><strong>Rok za oddajo vloge:<\/strong> najmanj 30 dni pred prireditvijo<\/p>\n<p><strong>Vloga:<\/strong> <a href=\"https:\/\/koper.e-obcina.si\/objava\/407652?lang=sl\" target=\"_blank\" rel=\"noopener\">https:\/\/koper.e-obcina.si\/objava\/407652?lang=sl<\/a><\/p>\n<p><strong>Dodatne informacije:<\/strong> Urad za gospodarske javne slu\u017ebe, okolje in promet, tel: <a href=\"tel:0038656646386\">+ 386 (0)5 6646 386<\/a>.[\/vc_column_text][\/vc_column][vc_column width=&#8221;1\/4&#8243;][vc_column_text el_class=&#8221;permits-title&#8221;]Prijava uporabe zvo\u010dnih naprav[\/vc_column_text][vc_column_text]<strong>Izdajatelj:<\/strong> Mestna ob\u010dina Koper<\/p>\n<p><strong>Rok za oddajo vloge:<\/strong> najmanj 7 dni pred prireditvijo<\/p>\n<p><strong>Vloga:<\/strong> <a href=\"https:\/\/koper.e-obcina.si\/objava\/407657?lang=sl\" target=\"_blank\" rel=\"noopener\">https:\/\/koper.e-obcina.si\/objava\/407657?lang=sl<\/a><\/p>\n<p><strong>Dodatne informacije:<\/strong> Urad za gospodarske dejavnosti, okolje in promet, tel: <a href=\"tel:0038656646386\">+ 386 (0)5 6646 386<\/a>.[\/vc_column_text][\/vc_column][\/vc_row][vc_row gap=&#8221;20&#8243; el_class=&#8221;permits&#8221;][vc_column width=&#8221;1\/4&#8243;][vc_column_text el_class=&#8221;permits-title&#8221;]Potrdilo o prijavi prireditve[\/vc_column_text][vc_column_text]<strong>Izdajatelj:<\/strong> Mestna ob\u010dina Koper<\/p>\n<p><strong>Rok za oddajo vloge:<\/strong> najmanj 7 dni pred prireditvijo<\/p>\n<p><strong>Vloga:<\/strong> <a href=\"https:\/\/koper.e-obcina.si\/objava\/407656?lang=sl\" target=\"_blank\" rel=\"noopener\">https:\/\/koper.e-obcina.si\/objava\/407656?lang=sl<\/a><\/p>\n<p><strong>Dodatne informacije:<\/strong> Urad za gospodarstvo, kmetijstvo in razvoj, tel: <a href=\"tel:0038656646239\">+ 386 (0)5 6646 239<\/a>[\/vc_column_text][\/vc_column][vc_column width=&#8221;1\/4&#8243;][vc_column_text el_class=&#8221;permits-title&#8221;]Prijava prireditve na IPF[\/vc_column_text][vc_column_text]V primeru predvajanja posnete glasbe.<\/p>\n<p><strong>Ve\u010d informacij:<\/strong> <a href=\"https:\/\/www.ipf.si\/obrazci\/\" target=\"_blank\" rel=\"noopener noreferrer\">https:\/\/www.ipf.si\/obrazci\/<\/a>.[\/vc_column_text][\/vc_column][vc_column width=&#8221;1\/4&#8243;][vc_column_text el_class=&#8221;permits-title&#8221;]Prijava prireditve na SAZAS[\/vc_column_text][vc_column_text]V primeru predvajanja glasbe v \u017eivo.<\/p>\n<p><strong>Ve\u010d informacij:<\/strong> <a href=\"https:\/\/www.sazas.org\/Uporabniki\/Dovoljenja\/Prireditve-in-koncerti\" target=\"_blank\" rel=\"noopener noreferrer\">https:\/\/www.sazas.org\/Uporabniki\/Dovoljenja\/Prireditve-in-koncerti<\/a>.[\/vc_column_text][\/vc_column][vc_column width=&#8221;1\/4&#8243;][\/vc_column][\/vc_row][vc_row][vc_column][vc_column_text]<\/p>\n<h2 style=\"text-align: center;\"><\/h2>\n<p>[\/vc_column_text][\/vc_column][\/vc_row][vc_row gap=&#8221;30&#8243;][vc_column width=&#8221;1\/2&#8243;][vc_column_text]<\/p>\n<h4>DODATNO za dovoljenje za organizacijo javne prireditve<\/h4>\n<p>Dovoljenje je potrebno za:<\/p>\n<ul>\n<li>shode ali prireditve na cesti,<\/li>\n<li>mednarodne \u0161portne prireditve,<\/li>\n<li>tekmovanja klubov v prvi dr\u017eavni ligi \u010dlanic oziroma \u010dlanov v kolektivnih \u0161portih,<\/li>\n<li>prireditve, na katerih se uporablja odprt ogenj oz. predmeti ali naprave, zaradi katerih je lahko ogro\u017eeno \u017eivljenje ali zdravje ljudi oziroma premo\u017eenje,<\/li>\n<li>prireditve, na katerih se pri\u010dakuje ve\u010d kot 3000 udele\u017eencev,<\/li>\n<li>prireditve, kjer obstaja nevarnost utopitve,<\/li>\n<li>prireditve z zbiranjem \u017eivali.<\/li>\n<\/ul>\n<p>V drugih primerih zadostuje Prijava javne prireditve.[\/vc_column_text][\/vc_column][vc_column width=&#8221;1\/2&#8243;][vc_column_text]<\/p>\n<h4>Pro\u0161nji za dovolitev javne prireditve je potrebno prilo\u017eiti poleg dovoljenj Mestne ob\u010dine Koper \u0161e:<\/h4>\n<ul>\n<li>na\u010drt varovanja prireditve,<\/li>\n<li>a test \u0161otora, odra oz. drugih ve\u010djih konstrukcij,<\/li>\n<li>dogovor o prisotnosti nujne medicinske pomo\u010di na prireditvi in izpolnjena obrazca Priloga 15 in 16 k Pravilniku o slu\u017ebi nujne medicinske pomo\u010di (<a href=\"http:\/\/www.pisrs.si\/Pis.web\/pregledPredpisa?id=PRAV11992&amp;d-49683-s=3&amp;d-49683-p=1&amp;d-49683-o=2\" target=\"_blank\" rel=\"noopener noreferrer\">http:\/\/www.pisrs.si\/Pis.web\/pregledPredpisa?id=PRAV11992&amp;d-49683-s=3&amp;d-49683-p=1&amp;d-49683-o=2<\/a>),<\/li>\n<li>dokazilo o strokovni usposobljenosti re\u0161evalcev iz vode in izjavo o prisotnosti na prireditvi (v kolikor je prireditev ob vodi),<\/li>\n<li>dokazilo o zagotovitvi \u010di\u0161\u010denja prireditvenega prostora,<\/li>\n<li>v primeru snemanja prireditve z droni je potrebno prilo\u017eiti \u0161e: najavo leta brezpilotnega zrakoplova, potrdilo o opravljanju letalskih dejavnosti izvajalca storitve in potrdilo o poznavanju pravil letenja za brezpilotne zrakoplove (<a href=\"https:\/\/www.caa.si\/brezpilotni-zrakoplovi.html\" target=\"_blank\" rel=\"noopener noreferrer\">https:\/\/www.caa.si\/brezpilotni-zrakoplovi.html<\/a>),<\/li>\n<li>v primeru izvedbe ognjemeta je potrebno prilo\u017eiti: elaborat o izvedbi ognjemeta, certifikat o izvedbi ognjemeta, skico lokacije izstreli\u0161\u010da ognjemeta, dokazilo o zagotovilu ustrezne po\u017earni varnosti.<\/li>\n<\/ul>\n<p>[\/vc_column_text][\/vc_column][\/vc_row]<\/p>\n<\/div>","protected":false},"excerpt":{"rendered":"<p>[vc_row full_width=&#8221;stretch_row&#8221; el_class=&#8221;page-title&#8221; css=&#8221;.vc_custom_1678799771804{background-image: url(https:\/\/www.zmkt.si\/wp-content\/uploads\/2023\/03\/Slider-Postopek-prijave.jpg?id=132) !important;}&#8221;][vc_column][vc_column_text] Per gli organizzatori di eventi [\/vc_column_text][\/vc_column][\/vc_row][vc_row][vc_column][vc_column_text] La Destinazione Capodistria vanta un sistema di organizzazione eventi invidiabile. I moderni impianti sportivi e un ambiente che favorisce la pratica di diverse discipline sportive, la variet\u00e0 di strutture a disposizione e le condizioni climatiche favorevoli offrono le condizioni ideali per l\u2019organizzazione di [&hellip;]<\/p>\n","protected":false},"author":1,"featured_media":0,"parent":0,"menu_order":0,"comment_status":"closed","ping_status":"closed","template":"","meta":{"footnotes":""},"class_list":["post-1177","page","type-page","status-publish","hentry"],"acf":[],"yoast_head":"<!-- This site is optimized with the Yoast SEO plugin v27.3 - https:\/\/yoast.com\/product\/yoast-seo-wordpress\/ -->\n<title>Per gli organizzatori di eventi - Zavod za mladino, kulturo in turizem Koper<\/title>\n<meta name=\"robots\" content=\"index, follow, max-snippet:-1, max-image-preview:large, max-video-preview:-1\" \/>\n<link rel=\"canonical\" href=\"https:\/\/www.zmkt.si\/it\/per-gli-organizzatori-di-eventi\/\" \/>\n<meta property=\"og:locale\" content=\"it_IT\" \/>\n<meta property=\"og:type\" content=\"article\" \/>\n<meta property=\"og:title\" content=\"Per gli organizzatori di eventi - Zavod za mladino, kulturo in turizem Koper\" \/>\n<meta property=\"og:description\" content=\"[vc_row full_width=&#8221;stretch_row&#8221; el_class=&#8221;page-title&#8221; css=&#8221;.vc_custom_1678799771804{background-image: url(https:\/\/www.zmkt.si\/wp-content\/uploads\/2023\/03\/Slider-Postopek-prijave.jpg?id=132) !important;}&#8221;][vc_column][vc_column_text] Per gli organizzatori di eventi [\/vc_column_text][\/vc_column][\/vc_row][vc_row][vc_column][vc_column_text] La Destinazione Capodistria vanta un sistema di organizzazione eventi invidiabile. I moderni impianti sportivi e un ambiente che favorisce la pratica di diverse discipline sportive, la variet\u00e0 di strutture a disposizione e le condizioni climatiche favorevoli offrono le condizioni ideali per l\u2019organizzazione di [&hellip;]\" \/>\n<meta property=\"og:url\" content=\"https:\/\/www.zmkt.si\/it\/per-gli-organizzatori-di-eventi\/\" \/>\n<meta property=\"og:site_name\" content=\"Zavod za mladino, kulturo in turizem Koper\" \/>\n<meta property=\"article:modified_time\" content=\"2026-04-13T09:06:13+00:00\" \/>\n<meta name=\"twitter:card\" content=\"summary_large_image\" \/>\n<meta name=\"twitter:label1\" content=\"Tempo di lettura stimato\" \/>\n\t<meta name=\"twitter:data1\" content=\"5 minuti\" \/>\n<script type=\"application\/ld+json\" class=\"yoast-schema-graph\">{\"@context\":\"https:\\\/\\\/schema.org\",\"@graph\":[{\"@type\":\"WebPage\",\"@id\":\"https:\\\/\\\/www.zmkt.si\\\/it\\\/per-gli-organizzatori-di-eventi\\\/\",\"url\":\"https:\\\/\\\/www.zmkt.si\\\/it\\\/per-gli-organizzatori-di-eventi\\\/\",\"name\":\"Per gli organizzatori di eventi - Zavod za mladino, kulturo in turizem Koper\",\"isPartOf\":{\"@id\":\"https:\\\/\\\/www.zmkt.si\\\/it\\\/#website\"},\"datePublished\":\"2023-03-14T07:50:18+00:00\",\"dateModified\":\"2026-04-13T09:06:13+00:00\",\"breadcrumb\":{\"@id\":\"https:\\\/\\\/www.zmkt.si\\\/it\\\/per-gli-organizzatori-di-eventi\\\/#breadcrumb\"},\"inLanguage\":\"it-IT\",\"potentialAction\":[{\"@type\":\"ReadAction\",\"target\":[\"https:\\\/\\\/www.zmkt.si\\\/it\\\/per-gli-organizzatori-di-eventi\\\/\"]}]},{\"@type\":\"BreadcrumbList\",\"@id\":\"https:\\\/\\\/www.zmkt.si\\\/it\\\/per-gli-organizzatori-di-eventi\\\/#breadcrumb\",\"itemListElement\":[{\"@type\":\"ListItem\",\"position\":1,\"name\":\"Home\",\"item\":\"https:\\\/\\\/www.zmkt.si\\\/it\\\/\"},{\"@type\":\"ListItem\",\"position\":2,\"name\":\"Per gli organizzatori di eventi\"}]},{\"@type\":\"WebSite\",\"@id\":\"https:\\\/\\\/www.zmkt.si\\\/it\\\/#website\",\"url\":\"https:\\\/\\\/www.zmkt.si\\\/it\\\/\",\"name\":\"Zavod za mladino, kulturo in turizem Koper\",\"description\":\"Dobrodo&scaron;li!\",\"potentialAction\":[{\"@type\":\"SearchAction\",\"target\":{\"@type\":\"EntryPoint\",\"urlTemplate\":\"https:\\\/\\\/www.zmkt.si\\\/it\\\/?s={search_term_string}\"},\"query-input\":{\"@type\":\"PropertyValueSpecification\",\"valueRequired\":true,\"valueName\":\"search_term_string\"}}],\"inLanguage\":\"it-IT\"}]}<\/script>\n<!-- \/ Yoast SEO plugin. -->","yoast_head_json":{"title":"Per gli organizzatori di eventi - Zavod za mladino, kulturo in turizem Koper","robots":{"index":"index","follow":"follow","max-snippet":"max-snippet:-1","max-image-preview":"max-image-preview:large","max-video-preview":"max-video-preview:-1"},"canonical":"https:\/\/www.zmkt.si\/it\/per-gli-organizzatori-di-eventi\/","og_locale":"it_IT","og_type":"article","og_title":"Per gli organizzatori di eventi - Zavod za mladino, kulturo in turizem Koper","og_description":"[vc_row full_width=&#8221;stretch_row&#8221; el_class=&#8221;page-title&#8221; css=&#8221;.vc_custom_1678799771804{background-image: url(https:\/\/www.zmkt.si\/wp-content\/uploads\/2023\/03\/Slider-Postopek-prijave.jpg?id=132) !important;}&#8221;][vc_column][vc_column_text] Per gli organizzatori di eventi [\/vc_column_text][\/vc_column][\/vc_row][vc_row][vc_column][vc_column_text] La Destinazione Capodistria vanta un sistema di organizzazione eventi invidiabile. I moderni impianti sportivi e un ambiente che favorisce la pratica di diverse discipline sportive, la variet\u00e0 di strutture a disposizione e le condizioni climatiche favorevoli offrono le condizioni ideali per l\u2019organizzazione di [&hellip;]","og_url":"https:\/\/www.zmkt.si\/it\/per-gli-organizzatori-di-eventi\/","og_site_name":"Zavod za mladino, kulturo in turizem Koper","article_modified_time":"2026-04-13T09:06:13+00:00","twitter_card":"summary_large_image","twitter_misc":{"Tempo di lettura stimato":"5 minuti"},"schema":{"@context":"https:\/\/schema.org","@graph":[{"@type":"WebPage","@id":"https:\/\/www.zmkt.si\/it\/per-gli-organizzatori-di-eventi\/","url":"https:\/\/www.zmkt.si\/it\/per-gli-organizzatori-di-eventi\/","name":"Per gli organizzatori di eventi - Zavod za mladino, kulturo in turizem Koper","isPartOf":{"@id":"https:\/\/www.zmkt.si\/it\/#website"},"datePublished":"2023-03-14T07:50:18+00:00","dateModified":"2026-04-13T09:06:13+00:00","breadcrumb":{"@id":"https:\/\/www.zmkt.si\/it\/per-gli-organizzatori-di-eventi\/#breadcrumb"},"inLanguage":"it-IT","potentialAction":[{"@type":"ReadAction","target":["https:\/\/www.zmkt.si\/it\/per-gli-organizzatori-di-eventi\/"]}]},{"@type":"BreadcrumbList","@id":"https:\/\/www.zmkt.si\/it\/per-gli-organizzatori-di-eventi\/#breadcrumb","itemListElement":[{"@type":"ListItem","position":1,"name":"Home","item":"https:\/\/www.zmkt.si\/it\/"},{"@type":"ListItem","position":2,"name":"Per gli organizzatori di eventi"}]},{"@type":"WebSite","@id":"https:\/\/www.zmkt.si\/it\/#website","url":"https:\/\/www.zmkt.si\/it\/","name":"Zavod za mladino, kulturo in turizem Koper","description":"Dobrodo&scaron;li!","potentialAction":[{"@type":"SearchAction","target":{"@type":"EntryPoint","urlTemplate":"https:\/\/www.zmkt.si\/it\/?s={search_term_string}"},"query-input":{"@type":"PropertyValueSpecification","valueRequired":true,"valueName":"search_term_string"}}],"inLanguage":"it-IT"}]}},"_links":{"self":[{"href":"https:\/\/www.zmkt.si\/it\/wp-json\/wp\/v2\/pages\/1177","targetHints":{"allow":["GET"]}}],"collection":[{"href":"https:\/\/www.zmkt.si\/it\/wp-json\/wp\/v2\/pages"}],"about":[{"href":"https:\/\/www.zmkt.si\/it\/wp-json\/wp\/v2\/types\/page"}],"author":[{"embeddable":true,"href":"https:\/\/www.zmkt.si\/it\/wp-json\/wp\/v2\/users\/1"}],"replies":[{"embeddable":true,"href":"https:\/\/www.zmkt.si\/it\/wp-json\/wp\/v2\/comments?post=1177"}],"version-history":[{"count":7,"href":"https:\/\/www.zmkt.si\/it\/wp-json\/wp\/v2\/pages\/1177\/revisions"}],"predecessor-version":[{"id":1779,"href":"https:\/\/www.zmkt.si\/it\/wp-json\/wp\/v2\/pages\/1177\/revisions\/1779"}],"wp:attachment":[{"href":"https:\/\/www.zmkt.si\/it\/wp-json\/wp\/v2\/media?parent=1177"}],"curies":[{"name":"wp","href":"https:\/\/api.w.org\/{rel}","templated":true}]}}